{"id":102,"date":"2014-10-26T15:33:55","date_gmt":"2014-10-26T14:33:55","guid":{"rendered":"http:\/\/www.ynox.pl\/?page_id=102"},"modified":"2015-02-08T19:48:24","modified_gmt":"2015-02-08T18:48:24","slug":"dom-moniki-i-wojtka","status":"publish","type":"page","link":"https:\/\/www.ynox.pl\/?page_id=102","title":{"rendered":"DOM W OTWOCKU"},"content":{"rendered":"<p>\n\tDom Moniki i Wojtka w Otwocku, aran\u017cacja pe\u0142na. Powierzchnia 180 m2.\n<\/p>\n<p>\n\tOczekiwania inwestor&oacute;w by\u0142y bardzo precyzyjne. Dom nowoczesny, z mocnymi elementami designu&nbsp;ale przy tym rodzinny i przyjazny. Podzielono go na dwa modu\u0142y projektowe. G&oacute;ra: bardziej kolorowa, z dwoma pokojami m\u0142odych dam, oraz sypialnia w delikatnym stylu nowoczesnego rococo. Gabinet t\u0119tni kolorami, jest energetyzuj\u0105cy i zaprasza do aktywno\u015bci i pracy. D&oacute;\u0142: ch\u0142odny, kontrastowy ale zarazam lekki i sp&oacute;jny. Przestrze\u0144 wydaje si\u0119 du\u017co wi\u0119ksza ni\u017c jest w rzeczywisto\u015bci. Ca\u0142o\u015bci dope\u0142niaj\u0105 &quot;skrojone na wymiar&quot; szafy oraz meble na specjalne zam&oacute;wienie.\n<\/p>\n<p>\n\t&nbsp;\n<\/p>\n<p>\n\t<a href=\"http:\/\/www.ynox.pl\/Dom%20Moniki%20i%20Wojtka\/\">GALERIA<\/a><\/p>\n","protected":false},"excerpt":{"rendered":"<p>Dom Moniki i Wojtka w Otwocku, aran\u017cacja pe\u0142na. Powierzchnia 180 m2. Oczekiwania inwestor&oacute;w by\u0142y bardzo precyzyjne. Dom nowoczesny, z mocnymi elementami designu&nbsp;ale przy tym rodzinny i przyjazny. Podzielono go na dwa modu\u0142y projektowe. G&oacute;ra: bardziej kolorowa, z dwoma pokojami m\u0142odych dam, oraz sypialnia w delikatnym stylu nowoczesnego rococo. Gabinet t\u0119tni kolorami, jest energetyzuj\u0105cy i zaprasza&hellip;<\/p>\n","protected":false},"author":1,"featured_media":0,"parent":8,"menu_order":0,"comment_status":"closed","ping_status":"closed","template":"","meta":{"ngg_post_thumbnail":0},"_links":{"self":[{"href":"https:\/\/www.ynox.pl\/index.php?rest_route=\/wp\/v2\/pages\/102"}],"collection":[{"href":"https:\/\/www.ynox.pl\/index.php?rest_route=\/wp\/v2\/pages"}],"about":[{"href":"https:\/\/www.ynox.pl\/index.php?rest_route=\/wp\/v2\/types\/page"}],"author":[{"embeddable":true,"href":"https:\/\/www.ynox.pl\/index.php?rest_route=\/wp\/v2\/users\/1"}],"replies":[{"embeddable":true,"href":"https:\/\/www.ynox.pl\/index.php?rest_route=%2Fwp%2Fv2%2Fcomments&post=102"}],"version-history":[{"count":7,"href":"https:\/\/www.ynox.pl\/index.php?rest_route=\/wp\/v2\/pages\/102\/revisions"}],"predecessor-version":[{"id":468,"href":"https:\/\/www.ynox.pl\/index.php?rest_route=\/wp\/v2\/pages\/102\/revisions\/468"}],"up":[{"embeddable":true,"href":"https:\/\/www.ynox.pl\/index.php?rest_route=\/wp\/v2\/pages\/8"}],"wp:attachment":[{"href":"https:\/\/www.ynox.pl\/index.php?rest_route=%2Fwp%2Fv2%2Fmedia&parent=102"}],"curies":[{"name":"wp","href":"https:\/\/api.w.org\/{rel}","templated":true}]}}