{"id":120,"date":"2015-01-23T16:22:31","date_gmt":"2015-01-23T15:22:31","guid":{"rendered":"http:\/\/www.ynox.pl\/?page_id=120"},"modified":"2015-02-07T12:34:51","modified_gmt":"2015-02-07T11:34:51","slug":"polityka-prywatnosci","status":"publish","type":"page","link":"https:\/\/www.ynox.pl\/?page_id=120","title":{"rendered":"POLITYKA PRYWATNO\u015aCI"},"content":{"rendered":"<p>\n\t&nbsp;\n<\/p>\n<ol style=\"list-style-type:upper-roman;\">\n<li>\n\t\tPostanowienia og&oacute;lne\n\t<\/li>\n<li>\n\t\tCel i zakres zbierania danych\n\t<\/li>\n<li>\n\t\tPodstawa przetwarzania danych\n\t<\/li>\n<li>\n\t\tPrawo kontroli, dost\u0119pu do tre\u015bci swoich danych oraz ich poprawiania\n\t<\/li>\n<li>\n\t\tPliki &bdquo;Cookies&rdquo;\n\t<\/li>\n<li>\n\t\tPostanowienia ko\u0144cowe\n\t<\/li>\n<\/ol>\n<p>\n\t&nbsp;\n<\/p>\n<ol style=\"list-style-type:upper-roman;\">\n<li>\n\t\t<strong>POSTANOWIENIA OG&Oacute;LNE<\/strong>\n\t<\/li>\n<\/ol>\n<ol>\n<li>\n\t\tAdministratorem danych osobowych zbieranych za po\u015brednictwem Serwisu <strong><u>www.<\/u><\/strong><strong><u>ynox.pl<\/u><\/strong> jest Robert Ko\u015bcio\u0142ek prowadz\u0105cy dzia\u0142alno\u015b\u0107 gospodarcz\u0105 pod firm\u0105 <strong>&quot;YNOX&quot; ROBERT Ko\u015bci&oacute;\u0142ek <\/strong>wpisany do Centralnej Ewidencji i Informacji o Dzia\u0142alno\u015bci Gospodarczej Rzeczypospolitej Polskiej prowadzonej przez ministra w\u0142a\u015bciwego do spraw gospodarki, posiadaj\u0105cy adres miejsca wykonywania dzia\u0142alno\u015bci i&nbsp;adres do dor\u0119cze\u0144: ul. D\u0142uga (1) 70c, 05-075 Warszawa, <strong>NIP<\/strong>: 1130805211, <strong>REGON<\/strong>: 012894181, adres poczty elektronicznej (e-mail): <strong>robert@ynox.pl, <\/strong>zwany dalej &quot;Administratorem&quot;.\n\t<\/li>\n<\/ol>\n<ol>\n<li value=\"2\">\n\t\tDane osobowe u\u017cytkownika s\u0105 przetwarzane zgodnie z ustaw\u0105 o ochronie danych osobowych z dnia 29 sierpnia 1997 r. (Dz. U. Nr 133, poz. 883 ze zm.) oraz ustaw\u0105 o \u015bwiadczeniu us\u0142ug drog\u0105 elektroniczn\u0105 z dnia 18 lipca 2002 r. (Dz. U. Nr 144, poz. 1204 ze zm.).\n\t<\/li>\n<li value=\"3\">\n\t\tAdministrator dok\u0142ada szczeg&oacute;lnej staranno\u015bci w celu ochrony interes&oacute;w os&oacute;b, kt&oacute;rych dane dotycz\u0105, a w szczeg&oacute;lno\u015bci zapewnia, \u017ce zbierane przez niego dane s\u0105:\n\t<\/li>\n<\/ol>\n<ol style=\"list-style-type:lower-alpha;\">\n<li>\n\t\tprzetwarzane zgodnie z prawem,\n\t<\/li>\n<li>\n\t\tzbierane dla oznaczonych, zgodnych z prawem cel&oacute;w i niepoddawane dalszemu przetwarzaniu niezgodnemu z tymi celami,\n\t<\/li>\n<li>\n\t\tmerytorycznie poprawne i adekwatne w stosunku do cel&oacute;w, w jakich s\u0105 przetwarzane oraz przechowywane w postaci umo\u017cliwiaj\u0105cej identyfikacj\u0119 os&oacute;b, kt&oacute;rych dotycz\u0105, nie d\u0142u\u017cej ni\u017c jest to niezb\u0119dne do osi\u0105gni\u0119cia celu przetwarzania.\n\t<\/li>\n<\/ol>\n<p>\n\t&nbsp;\n<\/p>\n<ol style=\"list-style-type:upper-roman;\">\n<li value=\"2\">\n\t\t<strong>CEL I ZAKRES ZBIERANIA DANYCH<\/strong>\n\t<\/li>\n<\/ol>\n<ol>\n<li>\n\t\tDane osobowe u\u017cytkownik&oacute;w, zbierane przez Administratora, s\u0105 wykorzystywane do kontaktowania si\u0119 z u\u017cytkownikiem oraz innych czynno\u015bci zwi\u0105zanych ze aktywno\u015bci\u0105 u\u017cytkownika&nbsp; w serwisie www.ynox.pl\n\t<\/li>\n<li>\n\t\tAdministrator przetwarza nast\u0119puj\u0105ce dane osobowe u\u017cytkownik&oacute;w:\n\t<\/li>\n<\/ol>\n<ol style=\"list-style-type:lower-alpha;\">\n<li>\n\t\timi\u0119 i nazwisko,\n\t<\/li>\n<li>\n\t\ttelefon,\n\t<\/li>\n<li>\n\t\tadres e-mail.\n\t<\/li>\n<\/ol>\n<ol>\n<li value=\"3\">\n\t\tPodanie danych osobowych, o kt&oacute;rych mowa w pkt. 2 jest niezb\u0119dne do \u015bwiadczenia przez Administratora us\u0142ug drog\u0105 elektroniczn\u0105 w ramach serwisu.\n\t<\/li>\n<\/ol>\n<p>\n\t&nbsp;\n<\/p>\n<ol style=\"list-style-type:upper-roman;\">\n<li value=\"3\">\n\t\t<strong>PODSTAWA PRZETWARZANIA DANYCH<\/strong>\n\t<\/li>\n<\/ol>\n<ol>\n<li>\n\t\tKorzystanie z serwisu, z czym wi\u0105\u017ce si\u0119 konieczno\u015b\u0107 podania danych osobowych, jest ca\u0142kowicie dobrowolne.\n\t<\/li>\n<li>\n\t\tZgodnie z art. 23 ustawy o ochronie danych osobowych z dnia 29 sierpnia 1997 r. (Dz. U. Nr 133, poz. 883 ze zm.) przetwarzanie danych jest dopuszczalne m.in. gdy osoba, kt&oacute;rej dane dotycz\u0105, wyrazi na to zgod\u0119, chyba \u017ce chodzi o usuni\u0119cie dotycz\u0105cych jej danych.\n\t<\/li>\n<li>\n\t\tPrzetwarzanie danych osobowych przez Administratora odbywa si\u0119 zawsze w ramach podstaw dopuszczalno\u015bci ich przetwarzania wymienionych w pkt. 2.\n\t<\/li>\n<\/ol>\n<p>\n\t&nbsp;\n<\/p>\n<ol style=\"list-style-type:upper-roman;\">\n<li value=\"4\">\n\t\t<strong>PRAWO KONTROLI, DOST\u0118PU DO TRE\u015aCI SWOICH DANYCH ORAZ ICH POPRAWIANIA<\/strong>\n\t<\/li>\n<\/ol>\n<ol>\n<li>\n\t\tU\u017cytkownik ma prawo dost\u0119pu do tre\u015bci swoich danych osobowych oraz ich poprawiania.\n\t<\/li>\n<li>\n\t\tKa\u017cdej osobie przys\u0142uguje prawo do kontroli przetwarzania danych, kt&oacute;re jej dotycz\u0105, zawartych w zbiorze danych Administratora, a zw\u0142aszcza prawo do \u017c\u0105dania uzupe\u0142nienia, uaktualnienia, sprostowania danych osobowych, czasowego lub sta\u0142ego wstrzymania ich przetwarzania lub ich usuni\u0119cia, je\u017celi s\u0105 one niekompletne, nieaktualne, nieprawdziwe lub zosta\u0142y zebrane z naruszeniem ustawy albo s\u0105 ju\u017c zb\u0119dne do realizacji celu, dla kt&oacute;rego zosta\u0142y zebrane.\n\t<\/li>\n<li>\n\t\tW celu realizacji uprawnie\u0144, o kt&oacute;rych mowa w pkt. 1 i 2 mo\u017cna korzysta\u0107 poprzez przes\u0142anie stosownej wiadomo\u015bci e-mail na adres: <strong>robert@ynox.pl<\/strong>\n\t<\/li>\n<\/ol>\n<p>\n\t&nbsp;\n<\/p>\n<ol style=\"list-style-type:upper-roman;\">\n<li value=\"5\">\n\t\t<strong>PLIKI &quot;COOKIES&quot;<\/strong>\n\t<\/li>\n<\/ol>\n<ol>\n<li>\n\t\tSerwis Administratora&nbsp;u\u017cywa plik&oacute;w&nbsp;&bdquo;<em>cookies&rdquo;<\/em>. Brak zmiany po stronie u\u017cytkownika ustawie\u0144 przegl\u0105darki jest r&oacute;wnoznaczny z wyra\u017ceniem zgody na ich u\u017cycie.\n\t<\/li>\n<li>\n\t\tInstalacja plik&oacute;w &bdquo;<em>cookies<\/em>&rdquo; jest konieczna do prawid\u0142owego \u015bwiadczenia us\u0142ug w serwisie. W plikach &bdquo;<em>cookies<\/em>&quot; znajduj\u0105 si\u0119 informacje niezb\u0119dne do prawid\u0142owego funkcjonowania serwisu, w szczeg&oacute;lno\u015bci tych wymagaj\u0105cych autoryzacji.\n\t<\/li>\n<li>\n\t\tW ramach serwisu stosowane s\u0105 trzy rodzaje plik&oacute;w &bdquo;<em>cookies<\/em>&rdquo;: &bdquo;sesyjne&rdquo;, &bdquo;sta\u0142e&rdquo; oraz &bdquo;analityczne&rdquo;.\n\t<\/li>\n<\/ol>\n<ol style=\"list-style-type:lower-alpha;\">\n<li>\n\t\t&bdquo;<em>Cookies<\/em>&rdquo; &bdquo;sesyjne&rdquo; s\u0105 plikami tymczasowymi, kt&oacute;re przechowywane s\u0105 w urz\u0105dzeniu ko\u0144cowym u\u017cytkownika do czasu wylogowania (opuszczenia serwisu).\n\t<\/li>\n<li>\n\t\t&bdquo;Sta\u0142e&rdquo; pliki &bdquo;<em>cookies<\/em>&rdquo; przechowywane s\u0105 w urz\u0105dzeniu ko\u0144cowym u\u017cytkownika przez czas okre\u015blony w parametrach plik&oacute;w &bdquo;<em>cookies<\/em>&rdquo; lub do czasu ich usuni\u0119cia przez u\u017cytkownika.\n\t<\/li>\n<li>\n\t\t&bdquo;<em>Cookies<\/em>&rdquo; &bdquo;analityczne&rdquo; umo\u017cliwiaj\u0105 lepsze poznanie sposobu interakcji u\u017cytkownika w zakresie zawarto\u015bci serwisu, lepiej zorganizowa\u0107 jego uk\u0142ad. &ldquo;Analityczne&rdquo; &bdquo;<em>cookies<\/em>&rdquo; gromadz\u0105 informacje o sposobie korzystania z serwisu przez u\u017cytkownik&oacute;w, typie strony, z jakiej u\u017cytkownik zosta\u0142 przekierowany, oraz liczbie odwiedzin i czasie wizyty u\u017cytkownika na stronie serwisu. Informacje te nie rejestruj\u0105 konkretnych danych osobowych u\u017cytkownika, lecz s\u0142u\u017c\u0105 do opracowania statystyk korzystania z serwisu.\n\t<\/li>\n<\/ol>\n<ol>\n<li value=\"4\">\n\t\tU\u017cytkownik ma prawo zadecydowania w zakresie dost\u0119pu plik&oacute;w &bdquo;<em>cookies<\/em>&rdquo; do swojego komputera poprzez ich uprzedni wyb&oacute;r w oknie swojej przegl\u0105darki. &nbsp;Szczeg&oacute;\u0142owe informacje o mo\u017cliwo\u015bci i sposobach obs\u0142ugi plik&oacute;w &bdquo;<em>cookies<\/em>&rdquo; dost\u0119pne s\u0105 w ustawieniach oprogramowania (przegl\u0105darki internetowej).\n\t<\/li>\n<\/ol>\n<p style=\"margin-left:90.0pt;\">\n\t&nbsp;\n<\/p>\n<ol style=\"list-style-type:upper-roman;\">\n<li value=\"6\">\n\t\t<strong>POSTANOWIENIA KO\u0143COWE<\/strong>\n\t<\/li>\n<\/ol>\n<ol>\n<li>\n\t\tAdministrator stosuje \u015brodki techniczne i organizacyjne zapewniaj\u0105ce ochron\u0119 przetwarzanych danych osobowych odpowiedni\u0105 do zagro\u017ce\u0144 oraz kategorii danych obj\u0119tych ochron\u0105, a w szczeg&oacute;lno\u015bci zabezpiecza dane przed ich udost\u0119pnieniem osobom nieupowa\u017cnionym, zabraniem przez osob\u0119 nieuprawnion\u0105, przetwarzaniem z naruszeniem obowi\u0105zuj\u0105cych przepis&oacute;w oraz zmian\u0105, utrat\u0105, uszkodzeniem lub zniszczeniem.\n\t<\/li>\n<li>\n\t\tAdministrator udost\u0119pnia odpowiednie \u015brodki techniczne zapobiegaj\u0105ce pozyskiwaniu i modyfikowaniu przez osoby nieuprawnione, danych osobowych przesy\u0142anych drog\u0105 elektroniczn\u0105.\n\t<\/li>\n<li>\n\t\tW sprawach nieuregulowanych niniejsz\u0105 Polityk\u0105 prywatno\u015bci stosuje si\u0119 w\u0142a\u015bciwe przepisy prawa polskiego.\n\t<\/li>\n<\/ol>\n","protected":false},"excerpt":{"rendered":"<p>&nbsp; Postanowienia og&oacute;lne Cel i zakres zbierania danych Podstawa przetwarzania danych Prawo kontroli, dost\u0119pu do tre\u015bci swoich danych oraz ich poprawiania Pliki &bdquo;Cookies&rdquo; Postanowienia ko\u0144cowe &nbsp; POSTANOWIENIA OG&Oacute;LNE Administratorem danych osobowych zbieranych za po\u015brednictwem Serwisu www.ynox.pl jest Robert Ko\u015bcio\u0142ek prowadz\u0105cy dzia\u0142alno\u015b\u0107 gospodarcz\u0105 pod firm\u0105 &quot;YNOX&quot; ROBERT Ko\u015bci&oacute;\u0142ek wpisany do Centralnej Ewidencji i Informacji o Dzia\u0142alno\u015bci&hellip;<\/p>\n","protected":false},"author":1,"featured_media":0,"parent":0,"menu_order":0,"comment_status":"closed","ping_status":"closed","template":"","meta":{"ngg_post_thumbnail":0},"_links":{"self":[{"href":"https:\/\/www.ynox.pl\/index.php?rest_route=\/wp\/v2\/pages\/120"}],"collection":[{"href":"https:\/\/www.ynox.pl\/index.php?rest_route=\/wp\/v2\/pages"}],"about":[{"href":"https:\/\/www.ynox.pl\/index.php?rest_route=\/wp\/v2\/types\/page"}],"author":[{"embeddable":true,"href":"https:\/\/www.ynox.pl\/index.php?rest_route=\/wp\/v2\/users\/1"}],"replies":[{"embeddable":true,"href":"https:\/\/www.ynox.pl\/index.php?rest_route=%2Fwp%2Fv2%2Fcomments&post=120"}],"version-history":[{"count":2,"href":"https:\/\/www.ynox.pl\/index.php?rest_route=\/wp\/v2\/pages\/120\/revisions"}],"predecessor-version":[{"id":144,"href":"https:\/\/www.ynox.pl\/index.php?rest_route=\/wp\/v2\/pages\/120\/revisions\/144"}],"wp:attachment":[{"href":"https:\/\/www.ynox.pl\/index.php?rest_route=%2Fwp%2Fv2%2Fmedia&parent=120"}],"curies":[{"name":"wp","href":"https:\/\/api.w.org\/{rel}","templated":true}]}}