{"id":175,"date":"2015-02-05T19:33:58","date_gmt":"2015-02-05T18:33:58","guid":{"rendered":"http:\/\/www.ynox.pl\/?page_id=175"},"modified":"2016-03-01T18:54:15","modified_gmt":"2016-03-01T17:54:15","slug":"aaaa","status":"publish","type":"page","link":"https:\/\/www.ynox.pl\/?page_id=175","title":{"rendered":"GALERIA"},"content":{"rendered":"<p>\n\t<a href=\"http:\/\/www.ynox.pl\/wp-content\/uploads\/2016\/03\/DSC_9386.jpg\" rel=\"attachment wp-att-1011\"><img decoding=\"async\" loading=\"lazy\" alt=\"\" class=\"alignnone size-large wp-image-1011\" height=\"623\" src=\"http:\/\/www.ynox.pl\/wp-content\/uploads\/2016\/03\/DSC_9386-1024x686.jpg\" width=\"930\" srcset=\"https:\/\/www.ynox.pl\/wp-content\/uploads\/2016\/03\/DSC_9386-1024x686.jpg 1024w, https:\/\/www.ynox.pl\/wp-content\/uploads\/2016\/03\/DSC_9386-300x201.jpg 300w, https:\/\/www.ynox.pl\/wp-content\/uploads\/2016\/03\/DSC_9386-768x514.jpg 768w, https:\/\/www.ynox.pl\/wp-content\/uploads\/2016\/03\/DSC_9386-980x656.jpg 980w, https:\/\/www.ynox.pl\/wp-content\/uploads\/2016\/03\/DSC_9386.jpg 1483w\" sizes=\"(max-width: 930px) 100vw, 930px\" \/><\/a>\n<\/p>\n<p>\n\t<a href=\"http:\/\/www.ynox.pl\/wp-content\/uploads\/2016\/03\/DSC_8619.jpg\" rel=\"attachment wp-att-1006\"><img decoding=\"async\" loading=\"lazy\" alt=\"DSC_8619\" class=\"alignnone size-large wp-image-1006\" height=\"623\" src=\"http:\/\/www.ynox.pl\/wp-content\/uploads\/2016\/03\/DSC_8619-1024x686.jpg\" width=\"930\" srcset=\"https:\/\/www.ynox.pl\/wp-content\/uploads\/2016\/03\/DSC_8619-1024x686.jpg 1024w, https:\/\/www.ynox.pl\/wp-content\/uploads\/2016\/03\/DSC_8619-300x201.jpg 300w, https:\/\/www.ynox.pl\/wp-content\/uploads\/2016\/03\/DSC_8619-768x514.jpg 768w, https:\/\/www.ynox.pl\/wp-content\/uploads\/2016\/03\/DSC_8619-980x656.jpg 980w, https:\/\/www.ynox.pl\/wp-content\/uploads\/2016\/03\/DSC_8619.jpg 1483w\" sizes=\"(max-width: 930px) 100vw, 930px\" \/><\/a>\n<\/p>\n<p>\n\t<a href=\"http:\/\/www.ynox.pl\/wp-content\/uploads\/2016\/03\/DSC_9325.jpg\" rel=\"attachment wp-att-1010\"><img decoding=\"async\" loading=\"lazy\" alt=\"\" class=\"alignnone size-large wp-image-1010\" height=\"623\" src=\"http:\/\/www.ynox.pl\/wp-content\/uploads\/2016\/03\/DSC_9325-1024x686.jpg\" width=\"930\" srcset=\"https:\/\/www.ynox.pl\/wp-content\/uploads\/2016\/03\/DSC_9325-1024x686.jpg 1024w, https:\/\/www.ynox.pl\/wp-content\/uploads\/2016\/03\/DSC_9325-300x201.jpg 300w, https:\/\/www.ynox.pl\/wp-content\/uploads\/2016\/03\/DSC_9325-768x514.jpg 768w, https:\/\/www.ynox.pl\/wp-content\/uploads\/2016\/03\/DSC_9325-980x656.jpg 980w, https:\/\/www.ynox.pl\/wp-content\/uploads\/2016\/03\/DSC_9325.jpg 1483w\" sizes=\"(max-width: 930px) 100vw, 930px\" \/><\/a><a href=\"http:\/\/www.ynox.pl\/wp-content\/uploads\/2016\/03\/DSC_8672.jpg\" rel=\"attachment wp-att-1007\"><img decoding=\"async\" loading=\"lazy\" alt=\"\" class=\"alignnone size-large wp-image-1007\" height=\"623\" src=\"http:\/\/www.ynox.pl\/wp-content\/uploads\/2016\/03\/DSC_8672-1024x686.jpg\" width=\"930\" srcset=\"https:\/\/www.ynox.pl\/wp-content\/uploads\/2016\/03\/DSC_8672-1024x686.jpg 1024w, https:\/\/www.ynox.pl\/wp-content\/uploads\/2016\/03\/DSC_8672-300x201.jpg 300w, https:\/\/www.ynox.pl\/wp-content\/uploads\/2016\/03\/DSC_8672-768x514.jpg 768w, https:\/\/www.ynox.pl\/wp-content\/uploads\/2016\/03\/DSC_8672-980x656.jpg 980w, https:\/\/www.ynox.pl\/wp-content\/uploads\/2016\/03\/DSC_8672.jpg 1483w\" sizes=\"(max-width: 930px) 100vw, 930px\" \/><\/a><a href=\"http:\/\/www.ynox.pl\/wp-content\/uploads\/2016\/03\/DSC_9233.jpg\" rel=\"attachment wp-att-1008\"><img decoding=\"async\" loading=\"lazy\" alt=\"\" class=\"alignnone size-large wp-image-1008\" height=\"623\" src=\"http:\/\/www.ynox.pl\/wp-content\/uploads\/2016\/03\/DSC_9233-1024x686.jpg\" width=\"930\" srcset=\"https:\/\/www.ynox.pl\/wp-content\/uploads\/2016\/03\/DSC_9233-1024x686.jpg 1024w, https:\/\/www.ynox.pl\/wp-content\/uploads\/2016\/03\/DSC_9233-300x201.jpg 300w, https:\/\/www.ynox.pl\/wp-content\/uploads\/2016\/03\/DSC_9233-768x514.jpg 768w, https:\/\/www.ynox.pl\/wp-content\/uploads\/2016\/03\/DSC_9233-980x656.jpg 980w, https:\/\/www.ynox.pl\/wp-content\/uploads\/2016\/03\/DSC_9233.jpg 1483w\" sizes=\"(max-width: 930px) 100vw, 930px\" \/><\/a>\n<\/p>\n<p>\n\t&nbsp;\n<\/p>\n<p>\n\t<a href=\"http:\/\/www.ynox.pl\/wp-content\/uploads\/2016\/03\/DSC_9240.jpg\" rel=\"attachment wp-att-1009\"><img decoding=\"async\" loading=\"lazy\" alt=\"\" class=\"alignnone size-large wp-image-1009\" height=\"623\" src=\"http:\/\/www.ynox.pl\/wp-content\/uploads\/2016\/03\/DSC_9240-1024x686.jpg\" width=\"930\" srcset=\"https:\/\/www.ynox.pl\/wp-content\/uploads\/2016\/03\/DSC_9240-1024x686.jpg 1024w, https:\/\/www.ynox.pl\/wp-content\/uploads\/2016\/03\/DSC_9240-300x201.jpg 300w, https:\/\/www.ynox.pl\/wp-content\/uploads\/2016\/03\/DSC_9240-768x514.jpg 768w, https:\/\/www.ynox.pl\/wp-content\/uploads\/2016\/03\/DSC_9240-980x656.jpg 980w, https:\/\/www.ynox.pl\/wp-content\/uploads\/2016\/03\/DSC_9240.jpg 1483w\" sizes=\"(max-width: 930px) 100vw, 930px\" \/><\/a>\n<\/p>\n<p>\n\t<a href=\"http:\/\/www.ynox.pl\/wp-content\/uploads\/2016\/03\/DSC_8070.jpg\" rel=\"attachment wp-att-1005\"><img decoding=\"async\" loading=\"lazy\" alt=\"\" class=\"alignnone size-large wp-image-1005\" height=\"623\" src=\"http:\/\/www.ynox.pl\/wp-content\/uploads\/2016\/03\/DSC_8070-1024x686.jpg\" width=\"930\" srcset=\"https:\/\/www.ynox.pl\/wp-content\/uploads\/2016\/03\/DSC_8070-1024x686.jpg 1024w, https:\/\/www.ynox.pl\/wp-content\/uploads\/2016\/03\/DSC_8070-300x201.jpg 300w, https:\/\/www.ynox.pl\/wp-content\/uploads\/2016\/03\/DSC_8070-768x514.jpg 768w, https:\/\/www.ynox.pl\/wp-content\/uploads\/2016\/03\/DSC_8070-980x656.jpg 980w, https:\/\/www.ynox.pl\/wp-content\/uploads\/2016\/03\/DSC_8070.jpg 1483w\" sizes=\"(max-width: 930px) 100vw, 930px\" \/><\/a>\n<\/p>\n<p>\n\t<a href=\"http:\/\/www.ynox.pl\/wp-content\/uploads\/2016\/03\/IMG_0077-copy.jpg\" rel=\"attachment wp-att-1013\"><img decoding=\"async\" loading=\"lazy\" alt=\"\" class=\"alignnone size-large wp-image-1013\" height=\"623\" src=\"http:\/\/www.ynox.pl\/wp-content\/uploads\/2016\/03\/IMG_0077-copy-1024x686.jpg\" width=\"930\" srcset=\"https:\/\/www.ynox.pl\/wp-content\/uploads\/2016\/03\/IMG_0077-copy-1024x686.jpg 1024w, https:\/\/www.ynox.pl\/wp-content\/uploads\/2016\/03\/IMG_0077-copy-300x201.jpg 300w, https:\/\/www.ynox.pl\/wp-content\/uploads\/2016\/03\/IMG_0077-copy-768x514.jpg 768w, https:\/\/www.ynox.pl\/wp-content\/uploads\/2016\/03\/IMG_0077-copy-980x656.jpg 980w, https:\/\/www.ynox.pl\/wp-content\/uploads\/2016\/03\/IMG_0077-copy.jpg 1483w\" sizes=\"(max-width: 930px) 100vw, 930px\" \/><\/a>\n<\/p>\n<p>\n\t<a href=\"http:\/\/www.ynox.pl\/wp-content\/uploads\/2016\/03\/IMG_0021-copy.jpg\" rel=\"attachment wp-att-1012\"><img decoding=\"async\" loading=\"lazy\" alt=\"\" class=\"alignnone size-large wp-image-1012\" height=\"623\" src=\"http:\/\/www.ynox.pl\/wp-content\/uploads\/2016\/03\/IMG_0021-copy-1024x686.jpg\" width=\"930\" srcset=\"https:\/\/www.ynox.pl\/wp-content\/uploads\/2016\/03\/IMG_0021-copy-1024x686.jpg 1024w, https:\/\/www.ynox.pl\/wp-content\/uploads\/2016\/03\/IMG_0021-copy-300x201.jpg 300w, https:\/\/www.ynox.pl\/wp-content\/uploads\/2016\/03\/IMG_0021-copy-768x514.jpg 768w, https:\/\/www.ynox.pl\/wp-content\/uploads\/2016\/03\/IMG_0021-copy-980x656.jpg 980w, https:\/\/www.ynox.pl\/wp-content\/uploads\/2016\/03\/IMG_0021-copy.jpg 1483w\" sizes=\"(max-width: 930px) 100vw, 930px\" \/><\/a>\n<\/p>\n<p>\n\tWi\u0119cej zdj\u0119\u0107&nbsp;z opisem realizacji w zak\u0142adce <a href=\"http:\/\/www.ynox.pl\/?page_id=8\">PORTFOLIO<\/a>.<\/p>\n","protected":false},"excerpt":{"rendered":"<p>&nbsp; Wi\u0119cej zdj\u0119\u0107&nbsp;z opisem realizacji w zak\u0142adce PORTFOLIO.<\/p>\n","protected":false},"author":1,"featured_media":0,"parent":0,"menu_order":0,"comment_status":"closed","ping_status":"closed","template":"","meta":{"ngg_post_thumbnail":0},"_links":{"self":[{"href":"https:\/\/www.ynox.pl\/index.php?rest_route=\/wp\/v2\/pages\/175"}],"collection":[{"href":"https:\/\/www.ynox.pl\/index.php?rest_route=\/wp\/v2\/pages"}],"about":[{"href":"https:\/\/www.ynox.pl\/index.php?rest_route=\/wp\/v2\/types\/page"}],"author":[{"embeddable":true,"href":"https:\/\/www.ynox.pl\/index.php?rest_route=\/wp\/v2\/users\/1"}],"replies":[{"embeddable":true,"href":"https:\/\/www.ynox.pl\/index.php?rest_route=%2Fwp%2Fv2%2Fcomments&post=175"}],"version-history":[{"count":15,"href":"https:\/\/www.ynox.pl\/index.php?rest_route=\/wp\/v2\/pages\/175\/revisions"}],"predecessor-version":[{"id":1027,"href":"https:\/\/www.ynox.pl\/index.php?rest_route=\/wp\/v2\/pages\/175\/revisions\/1027"}],"wp:attachment":[{"href":"https:\/\/www.ynox.pl\/index.php?rest_route=%2Fwp%2Fv2%2Fmedia&parent=175"}],"curies":[{"name":"wp","href":"https:\/\/api.w.org\/{rel}","templated":true}]}}