{"id":2,"date":"2014-10-25T13:37:45","date_gmt":"2014-10-25T11:37:45","guid":{"rendered":"http:\/\/www.ynox.pl\/?page_id=2"},"modified":"2023-02-18T10:15:50","modified_gmt":"2023-02-18T09:15:50","slug":"przykladowa-strona","status":"publish","type":"page","link":"https:\/\/www.ynox.pl\/","title":{"rendered":"PRACOWNIA"},"content":{"rendered":"<p><a href=\"http:\/\/www.ynox.pl\/wp-content\/uploads\/2014\/10\/image.png\" rel=\"attachment wp-att-997\"><img decoding=\"async\" loading=\"lazy\" class=\"alignnone size-large wp-image-997\" src=\"http:\/\/www.ynox.pl\/wp-content\/uploads\/2014\/10\/image-1024x740.png\" alt=\"image\" width=\"930\" height=\"672\" srcset=\"https:\/\/www.ynox.pl\/wp-content\/uploads\/2014\/10\/image-1024x740.png 1024w, https:\/\/www.ynox.pl\/wp-content\/uploads\/2014\/10\/image-300x217.png 300w, https:\/\/www.ynox.pl\/wp-content\/uploads\/2014\/10\/image-768x555.png 768w, https:\/\/www.ynox.pl\/wp-content\/uploads\/2014\/10\/image-980x708.png 980w, https:\/\/www.ynox.pl\/wp-content\/uploads\/2014\/10\/image.png 1483w\" sizes=\"(max-width: 930px) 100vw, 930px\" \/><\/a><\/p>\n<p><img decoding=\"async\" loading=\"lazy\" class=\"alignnone size-medium wp-image-897\" style=\"float: left;\" title=\"\" src=\"http:\/\/www.ynox.pl\/wp-content\/uploads\/2014\/10\/logo-YNOX-279x300.jpg\" alt=\"logo YNOX\" width=\"167\" height=\"180\" srcset=\"https:\/\/www.ynox.pl\/wp-content\/uploads\/2014\/10\/logo-YNOX-279x300.jpg 279w, https:\/\/www.ynox.pl\/wp-content\/uploads\/2014\/10\/logo-YNOX.jpg 443w\" sizes=\"(max-width: 167px) 100vw, 167px\" \/><\/p>\n<p style=\"text-align: justify;\"><span style=\"color: #8b4513;\"><strong>YNOX \u00a0<\/strong><\/span>to polska pracownia architektury wn\u0119trz, kt\u00f3ra powsta\u0142a z pasji, hobby i wielkiej mi\u0142o\u015bci do architektury i designu.\u00a0 Bazuj\u0105c na do\u015bwiadczeniu w\u0142asnym oraz ws\u0142uchuj\u0105c si\u0119 w potrzeby klient\u00f3w, staramy si\u0119 tworzy\u0107 funkcjonalne, pi\u0119kne i wyj\u0105tkowe wn\u0119trza skrojone na potrzeby tych, kt\u00f3rzy w nich zamieszkaj\u0105. \u0141\u0105czymy\u00a0ze sob\u0105 profesjonalne podej\u015bcie, rozs\u0105dek, dba\u0142o\u015b\u0107\u00a0o jako\u015b\u0107 wn\u0119trz oraz sensowno\u015b\u0107 wydatk\u00f3w.<\/p>\n<p style=\"text-align: justify;\">Nasze projekty to kompleksowa gotowa recepta dla klienta.\u00a0 Ka\u017cdy\u00a0 z nich zawiera szereg niezb\u0119dnych informacji, rysunk\u00f3w i zestawie\u0144 materia\u0142owych z dok\u0142adnym wskazaniem na miejsce zakupu i wycen\u0119. Nasza pracownia to trzy osoby, kt\u00f3re staraj\u0105 si\u0119 wzajemnie uzupe\u0142nia\u0107 i kreowa\u0107 pi\u0119kniejsz\u0105 rzeczywisto\u015b\u0107:<\/p>\n<p><img decoding=\"async\" loading=\"lazy\" class=\"alignnone size-full wp-image-933\" title=\"\" src=\"http:\/\/www.ynox.pl\/wp-content\/uploads\/2016\/02\/marlena.png\" alt=\"marlena\" width=\"123\" height=\"123\" \/><span style=\"font-size: 14px;\"><strong>MARLENA KO\u015aCI\u00d3\u0141EK<\/strong><\/span><span style=\"color: #8b4513;\"><strong> \u2013 The Heart of Design Office<\/strong><\/span><\/p>\n<p style=\"text-align: justify;\">Pomys\u0142odawczyni pracowni. Projektantka. Uko\u0144czy\u0142a \u00a0Studia Podyplomowe na Wydziale Wzornictwa i Architektury Wn\u0119trz \u2013 Kierunek Projektowanie Architektury \u00a0Wn\u0119trz i Wystawiennictwa w \u0142\u00f3dzkiej ASP. Pracuje koncepcyjnie. Od niej wychodzi pomys\u0142 wn\u0119trza oraz jego plastyka i stylistyka. Aran\u017cacj\u0105 przestrzeni interesuje si\u0119 od wielu lat. Z sukcesem zmienia\u0142a rzeczywisto\u015b\u0107 wok\u00f3\u0142 siebie w czasach, kiedy poj\u0119cie architekta wn\u0119trz w\u0142a\u015bciwie by\u0142o w powijakach. Do ka\u017cdej realizacji podchodzi bardzo profesjonalnie, powa\u017cnie i wk\u0142ada w to ca\u0142y sw\u00f3j zapa\u0142 i entuzjazm. Uwa\u017ca, \u017ce ka\u017cdy zas\u0142uguje na to, aby mieszka\u0107 ciekawie i tak, \u017ceby czu\u0107 si\u0119 dobrze i komfortowo.<\/p>\n<p><img decoding=\"async\" loading=\"lazy\" class=\"alignnone size-full wp-image-934\" title=\"\" src=\"http:\/\/www.ynox.pl\/wp-content\/uploads\/2016\/02\/robert.png\" alt=\"robert\" width=\"123\" height=\"123\" \/>\u00a0<span style=\"font-size: 14px;\"><strong>ROBERT KO\u015aCI\u00d3\u0141EK<\/strong><\/span><span style=\"color: #8b4513;\"><strong> \u2013 The Brain of Design Office <\/strong><\/span><\/p>\n<p style=\"text-align: justify;\">Za\u0142o\u017cyciel pracowni. Grafik i projektant.\u00a0P<span style=\"line-height: 1.6;\">asj<\/span><span style=\"line-height: 1.6;\">onat wzornictwa przemys\u0142o<\/span><span style=\"line-height: 1.6;\">wego. Wieloletni wsp\u00f3\u0142pracownik oraz\u00a0Director of Product Innovation w znanej i cenionej polskiej firmie\u00a0zwi\u0105zanej z rynkiem gastronomicznym. Staranne wykszta\u0142cenie techniczne oraz ekonomiczne daje mu mo\u017cliwo\u015b\u0107 zarz\u0105dzania \u00a0pracowni\u0105 oraz dbania o skrupulatno\u015b\u0107 zwi\u0105zan\u0105 ze \u00a0stron\u0105 techniczn\u0105 projekt\u00f3w w tym\u00a0rysunk\u00f3w\u00a0technicznych, kt\u00f3re przygotowuje dla klient\u00f3w pracowni.<\/span><\/p>\n<p style=\"text-align: justify;\">\n<p style=\"text-align: justify;\"><span style=\"color: #ffffff;\"><span style=\"font-size: 8px;\">Zajmujemy si\u0119: architektura wn\u0119trz, projektowanie wn\u0119trz, aran\u017cacje wn\u0119trz, projektowanie \u0142azienek, kuchni. Wn\u0119trza prywatne oraz wn\u0119trza publiczne.Gotowe projekty wn\u0119trz. Mieszkania, domy apartamenty, hotele, restauracje, kancelarie, gabinety, spa, bary, stoiska handlowe, wn\u0119trza sklep\u00f3w, identyfikacja wizualne, wyposa\u017cenie, dodatki, pokoje dla dzieci., projektowanie mebli, projektant wn\u0119trz, architekt wn\u0119trz, biuro projektowe.\u00a0<\/span><\/span><\/p>\n","protected":false},"excerpt":{"rendered":"<p>YNOX \u00a0to polska pracownia architektury wn\u0119trz, kt\u00f3ra powsta\u0142a z pasji, hobby i wielkiej mi\u0142o\u015bci do architektury i designu.\u00a0 Bazuj\u0105c na do\u015bwiadczeniu w\u0142asnym oraz ws\u0142uchuj\u0105c si\u0119 w potrzeby klient\u00f3w, staramy si\u0119 tworzy\u0107 funkcjonalne, pi\u0119kne i wyj\u0105tkowe wn\u0119trza skrojone na potrzeby tych, kt\u00f3rzy w nich zamieszkaj\u0105. \u0141\u0105czymy\u00a0ze sob\u0105 profesjonalne podej\u015bcie, rozs\u0105dek, dba\u0142o\u015b\u0107\u00a0o jako\u015b\u0107 wn\u0119trz oraz sensowno\u015b\u0107 wydatk\u00f3w.&hellip;<\/p>\n","protected":false},"author":1,"featured_media":0,"parent":0,"menu_order":0,"comment_status":"closed","ping_status":"closed","template":"","meta":{"ngg_post_thumbnail":0},"_links":{"self":[{"href":"https:\/\/www.ynox.pl\/index.php?rest_route=\/wp\/v2\/pages\/2"}],"collection":[{"href":"https:\/\/www.ynox.pl\/index.php?rest_route=\/wp\/v2\/pages"}],"about":[{"href":"https:\/\/www.ynox.pl\/index.php?rest_route=\/wp\/v2\/types\/page"}],"author":[{"embeddable":true,"href":"https:\/\/www.ynox.pl\/index.php?rest_route=\/wp\/v2\/users\/1"}],"replies":[{"embeddable":true,"href":"https:\/\/www.ynox.pl\/index.php?rest_route=%2Fwp%2Fv2%2Fcomments&post=2"}],"version-history":[{"count":85,"href":"https:\/\/www.ynox.pl\/index.php?rest_route=\/wp\/v2\/pages\/2\/revisions"}],"predecessor-version":[{"id":1035,"href":"https:\/\/www.ynox.pl\/index.php?rest_route=\/wp\/v2\/pages\/2\/revisions\/1035"}],"wp:attachment":[{"href":"https:\/\/www.ynox.pl\/index.php?rest_route=%2Fwp%2Fv2%2Fmedia&parent=2"}],"curies":[{"name":"wp","href":"https:\/\/api.w.org\/{rel}","templated":true}]}}