{"id":40,"date":"2014-10-26T13:56:07","date_gmt":"2014-10-26T12:56:07","guid":{"rendered":"http:\/\/www.ynox.pl\/?page_id=40"},"modified":"2016-02-29T19:22:00","modified_gmt":"2016-02-29T18:22:00","slug":"konsultacja","status":"publish","type":"page","link":"https:\/\/www.ynox.pl\/?page_id=40","title":{"rendered":"KONSULTACJA"},"content":{"rendered":"<p>dla kogo?<br \/>\na) Dla os\u00f3b, kt\u00f3re posiadaj\u0105 wizj\u0119 swojego wn\u0119trza, ale nie s\u0105 do ko\u0144ca pewne swojego wyboru, maj\u0105 w\u0105tpliwo\u015bci i chc\u0105 z osob\u0105 trzeci\u0105 zweryfikowa\u0107 sw\u00f3j pomys\u0142, podpyta\u0107, porozmawia\u0107.<\/p>\n<p>b) Dla os\u00f3b, kt\u00f3re nie potrafi\u0105 zdefiniowa\u0107 swoich potrzeb i oczekiwa\u0144, czuj\u0105 si\u0119 jednak na si\u0142ach, pokierowani i wsparci, zrealizowa\u0107 sami projekt.<\/p>\n<p>Co otrzymujesz w ramach ceny?<\/p>\n<p>Porad\u0119, konsultacj\u0119 w formie: spotkania osobistego lub mailowego doradztwa oraz kr\u00f3tkiego opisu wraz ze szkicem, b\u0119d\u0105cego og\u00f3lnym zarysem koncepcji, uzale\u017cnionego od potrzeb i wielko\u015bci projektu.<\/p>\n<p><strong>Cena: 1000 &#8211; 2500 \u00a0PLN\/rycza\u0142towo (cena ustalana indywidualnie po rozmowie z klientem)<\/strong><\/p>\n","protected":false},"excerpt":{"rendered":"<p>dla kogo? a) Dla os\u00f3b, kt\u00f3re posiadaj\u0105 wizj\u0119 swojego wn\u0119trza, ale nie s\u0105 do ko\u0144ca pewne swojego wyboru, maj\u0105 w\u0105tpliwo\u015bci i chc\u0105 z osob\u0105 trzeci\u0105 zweryfikowa\u0107 sw\u00f3j pomys\u0142, podpyta\u0107, porozmawia\u0107. b) Dla os\u00f3b, kt\u00f3re nie potrafi\u0105 zdefiniowa\u0107 swoich potrzeb i oczekiwa\u0144, czuj\u0105 si\u0119 jednak na si\u0142ach, pokierowani i wsparci, zrealizowa\u0107 sami projekt. Co otrzymujesz w&hellip;<\/p>\n","protected":false},"author":1,"featured_media":0,"parent":31,"menu_order":0,"comment_status":"closed","ping_status":"closed","template":"","meta":{"ngg_post_thumbnail":0},"_links":{"self":[{"href":"https:\/\/www.ynox.pl\/index.php?rest_route=\/wp\/v2\/pages\/40"}],"collection":[{"href":"https:\/\/www.ynox.pl\/index.php?rest_route=\/wp\/v2\/pages"}],"about":[{"href":"https:\/\/www.ynox.pl\/index.php?rest_route=\/wp\/v2\/types\/page"}],"author":[{"embeddable":true,"href":"https:\/\/www.ynox.pl\/index.php?rest_route=\/wp\/v2\/users\/1"}],"replies":[{"embeddable":true,"href":"https:\/\/www.ynox.pl\/index.php?rest_route=%2Fwp%2Fv2%2Fcomments&post=40"}],"version-history":[{"count":3,"href":"https:\/\/www.ynox.pl\/index.php?rest_route=\/wp\/v2\/pages\/40\/revisions"}],"predecessor-version":[{"id":961,"href":"https:\/\/www.ynox.pl\/index.php?rest_route=\/wp\/v2\/pages\/40\/revisions\/961"}],"up":[{"embeddable":true,"href":"https:\/\/www.ynox.pl\/index.php?rest_route=\/wp\/v2\/pages\/31"}],"wp:attachment":[{"href":"https:\/\/www.ynox.pl\/index.php?rest_route=%2Fwp%2Fv2%2Fmedia&parent=40"}],"curies":[{"name":"wp","href":"https:\/\/api.w.org\/{rel}","templated":true}]}}