{"id":47,"date":"2014-10-26T14:01:12","date_gmt":"2014-10-26T13:01:12","guid":{"rendered":"http:\/\/www.ynox.pl\/?page_id=47"},"modified":"2016-02-29T19:48:41","modified_gmt":"2016-02-29T18:48:41","slug":"aranzacja-koncepcyjna","status":"publish","type":"page","link":"https:\/\/www.ynox.pl\/?page_id=47","title":{"rendered":"ARAN\u017bACJA KONCEPCYJNA"},"content":{"rendered":"<p>\n\t<span style=\"font-size:14px;\">Dla kogo?<br \/>\n\tDla os&oacute;b, kt&oacute;re chc\u0105 w pe\u0142ni powierzy\u0107 &nbsp;zaprojektowanie wn\u0119trza naszej pracowni.<\/span>\n<\/p>\n<p>\n\t<span style=\"font-size:14px;\">Co otrzymujesz w ramach ceny?<\/span>\n<\/p>\n<p>\n\t<span style=\"font-size:14px;\">1. Aran\u017cacj\u0119 funkcjonaln\u0105 z okre\u015bleniem rozk\u0142adu pomieszcze\u0144 oraz powi\u0105za\u0144 mi\u0119dzy nimi, kt&oacute;ry zawiera m. in.: uk\u0142ad \u015bcian dzia\u0142owych, rzut poszczeg&oacute;lnych pomieszcze\u0144, sufity, pod\u0142ogi, rysunek p\u0142aski \u0142azienki, kuchnii oraz zaprojektowanych mebli,&nbsp;uproszczony schemat instalacji elektrycznej, c.o. i wod. kan. a tak\u017ce propozycj\u0119 rozmieszczenia mebli i sprz\u0119t&oacute;w.<\/span>\n<\/p>\n<p>\n\t<span style=\"font-size:14px;\">2. Konsultacj\u0119 rozbudowan\u0105 o elementy wskazuj\u0105ce na charakter projektowanego otoczenia takie jak: dob&oacute;r kolorystyki, o\u015bwietlenia, materia\u0142&oacute;w wyko\u0144czeniowych np. pod\u0142&oacute;g, glazury, armatury; tkanin; zas\u0142on, dekoracji itd.<\/span>\n<\/p>\n<p>\n\t<span style=\"font-size:14px;\">3. Wycen\u0119 ca\u0142ego projektu.<\/span>\n<\/p>\n<p>\n\t<span style=\"font-size:14px;\">Form\u0105 przekazania informacji jest zestawienie dokumentacji technicznej, kt&oacute;ra zawiera wszelkie szczeg&oacute;\u0142y projektu w formie: rysunk&oacute;w pogl\u0105dowych; zestawie\u0144 tabelarycznych wraz z przyk\u0142adowymi sprz\u0119tami, meblami oraz ich cenami; materia\u0142&oacute;w oraz link&oacute;w na strony internetowe. Cena nie zawiera wizualizacji. Jest mo\u017cliwo\u015b\u0107 rozszerzenia projektu o wizualizacj\u0119. Prosz\u0119 zerkn\u0105\u0107 do naszego cennika us\u0142ug.<\/span>\n<\/p>\n<p>\n\t<span style=\"font-size:14px;\">Cena: <strong>110&nbsp;pln\/m2 przy powierzchniach&nbsp;do 45 m2<\/strong><\/span>\n<\/p>\n<p>\n\t<span style=\"font-size:14px;\"><strong>&nbsp; &nbsp; &nbsp; &nbsp; &nbsp; &nbsp; 90&nbsp;pln\/m2 przy powierzchniach od 46 m2 do 89 m2<\/strong><\/span>\n<\/p>\n<p>\n\t<span style=\"font-size:14px;\"><b>&nbsp; &nbsp; &nbsp; &nbsp; &nbsp; &nbsp; 80 pln\/m2 przy powierzchniach pow. 90 m2&nbsp;<\/b><\/span><\/p>\n","protected":false},"excerpt":{"rendered":"<p>Dla kogo? Dla os&oacute;b, kt&oacute;re chc\u0105 w pe\u0142ni powierzy\u0107 &nbsp;zaprojektowanie wn\u0119trza naszej pracowni. Co otrzymujesz w ramach ceny? 1. Aran\u017cacj\u0119 funkcjonaln\u0105 z okre\u015bleniem rozk\u0142adu pomieszcze\u0144 oraz powi\u0105za\u0144 mi\u0119dzy nimi, kt&oacute;ry zawiera m. in.: uk\u0142ad \u015bcian dzia\u0142owych, rzut poszczeg&oacute;lnych pomieszcze\u0144, sufity, pod\u0142ogi, rysunek p\u0142aski \u0142azienki, kuchnii oraz zaprojektowanych mebli,&nbsp;uproszczony schemat instalacji elektrycznej, c.o. i wod. kan.&hellip;<\/p>\n","protected":false},"author":1,"featured_media":0,"parent":31,"menu_order":0,"comment_status":"closed","ping_status":"closed","template":"","meta":{"ngg_post_thumbnail":0},"_links":{"self":[{"href":"https:\/\/www.ynox.pl\/index.php?rest_route=\/wp\/v2\/pages\/47"}],"collection":[{"href":"https:\/\/www.ynox.pl\/index.php?rest_route=\/wp\/v2\/pages"}],"about":[{"href":"https:\/\/www.ynox.pl\/index.php?rest_route=\/wp\/v2\/types\/page"}],"author":[{"embeddable":true,"href":"https:\/\/www.ynox.pl\/index.php?rest_route=\/wp\/v2\/users\/1"}],"replies":[{"embeddable":true,"href":"https:\/\/www.ynox.pl\/index.php?rest_route=%2Fwp%2Fv2%2Fcomments&post=47"}],"version-history":[{"count":8,"href":"https:\/\/www.ynox.pl\/index.php?rest_route=\/wp\/v2\/pages\/47\/revisions"}],"predecessor-version":[{"id":977,"href":"https:\/\/www.ynox.pl\/index.php?rest_route=\/wp\/v2\/pages\/47\/revisions\/977"}],"up":[{"embeddable":true,"href":"https:\/\/www.ynox.pl\/index.php?rest_route=\/wp\/v2\/pages\/31"}],"wp:attachment":[{"href":"https:\/\/www.ynox.pl\/index.php?rest_route=%2Fwp%2Fv2%2Fmedia&parent=47"}],"curies":[{"name":"wp","href":"https:\/\/api.w.org\/{rel}","templated":true}]}}