{"id":478,"date":"2015-02-22T17:47:01","date_gmt":"2015-02-22T16:47:01","guid":{"rendered":"http:\/\/www.ynox.pl\/?page_id=478"},"modified":"2015-02-22T19:44:46","modified_gmt":"2015-02-22T18:44:46","slug":"pokoj-victorii","status":"publish","type":"page","link":"https:\/\/www.ynox.pl\/?page_id=478","title":{"rendered":"POK\u00d3J VICTORII"},"content":{"rendered":"<p>\n\tPok&oacute;j 16-letniej Victorii. 42&nbsp;m2. Aran\u017cacja pe\u0142na.\n<\/p>\n<p>\n\tVictoria to m\u0142oda bardzo zaj\u0119ta osoba. Interesuje si\u0119 muzyk\u0105 (gra na skrzypcach), mod\u0105 i modelingiem. Kocha zwierz\u0119ta, chcia\u0142aby zosta\u0107 Lekarzem Weterynarii. Victoria dok\u0142adnie wiedzia\u0142a jakie s\u0105 jej oczekiwania. Stworzyli\u015bmy przestronny apartament z du\u017c\u0105 garderob\u0105 na niezliczon\u0105 ilo\u015b\u0107 ubra\u0144, but&oacute;w i dodatk&oacute;w, &nbsp;miejsce do pracy, wygodn\u0105 cz\u0119\u015b\u0107 wypoczynkow\u0105 oraz sypialni\u0119. W apartamencie musia\u0142o si\u0119 znale\u015b\u0107 miejsce&nbsp;na k\u0105cik muzyczny, biokominek oraz akwarium. Zapraszamy do obejrzenia galerii. Oce\u0144cie sami,&nbsp;jak poradzili\u015bmy sobie z tak wysokimi wymaganiami m\u0142odej damy :-).\n<\/p>\n<p>\n\t&nbsp;\n<\/p>\n<p>\n\t<span style=\"line-height: 20.7999992370605px;\"><!-- index.php -->\n<div\n\tclass=\"ngg-galleryoverview ngg-ajax-pagination-none\"\n\tid=\"ngg-gallery-76f2654ce1755f0b030f49f0b23f944e-1\">\n\n    \t\t<!-- Thumbnails -->\n\t\t\t\t<div id=\"ngg-image-0\" class=\"ngg-gallery-thumbnail-box\" >\n\t\t\t\t        <div class=\"ngg-gallery-thumbnail\">\n            <a href=\"https:\/\/www.ynox.pl\/wp-content\/gallery\/victoria\/DSC_8619-54.jpg\"\n               title=\"www.ynox.pl\"\n               data-src=\"https:\/\/www.ynox.pl\/wp-content\/gallery\/victoria\/DSC_8619-54.jpg\"\n               data-thumbnail=\"https:\/\/www.ynox.pl\/wp-content\/gallery\/victoria\/thumbs\/thumbs_DSC_8619-54.jpg\"\n               data-image-id=\"124\"\n               data-title=\"www.ynox.pl\"\n               data-description=\"www.ynox.pl\"\n               data-image-slug=\"dsc_8619-54\"\n               class='use_imagebrowser_effect' data-imagebrowser-url='https:\/\/www.ynox.pl\/index.php\/nggallery\/image\/%STUB%?page_id=478'>\n                <img\n                    title=\"www.ynox.pl\"\n                    alt=\"www.ynox.pl\"\n                    src=\"https:\/\/www.ynox.pl\/wp-content\/gallery\/victoria\/thumbs\/thumbs_DSC_8619-54.jpg\"\n                    width=\"120\"\n                    height=\"90\"\n                    style=\"max-width:100%;\"\n                \/>\n            <\/a>\n        <\/div>\n\t\t\t\t\t\t\t<\/div> \n\t\t\t\n                            \n\t\t\t\t<div id=\"ngg-image-1\" class=\"ngg-gallery-thumbnail-box\" >\n\t\t\t\t        <div class=\"ngg-gallery-thumbnail\">\n            <a href=\"https:\/\/www.ynox.pl\/wp-content\/gallery\/victoria\/DSC_8614-53.jpg\"\n               title=\"www.ynox.pl\"\n               data-src=\"https:\/\/www.ynox.pl\/wp-content\/gallery\/victoria\/DSC_8614-53.jpg\"\n               data-thumbnail=\"https:\/\/www.ynox.pl\/wp-content\/gallery\/victoria\/thumbs\/thumbs_DSC_8614-53.jpg\"\n               data-image-id=\"125\"\n               data-title=\"www.ynox.pl\"\n               data-description=\"www.ynox.pl\"\n               data-image-slug=\"dsc_8614-53\"\n               class='use_imagebrowser_effect' data-imagebrowser-url='https:\/\/www.ynox.pl\/index.php\/nggallery\/image\/%STUB%?page_id=478'>\n                <img\n                    title=\"www.ynox.pl\"\n                    alt=\"www.ynox.pl\"\n                    src=\"https:\/\/www.ynox.pl\/wp-content\/gallery\/victoria\/thumbs\/thumbs_DSC_8614-53.jpg\"\n                    width=\"120\"\n                    height=\"90\"\n                    style=\"max-width:100%;\"\n                \/>\n            <\/a>\n        <\/div>\n\t\t\t\t\t\t\t<\/div> \n\t\t\t\n                            \n\t\t\t\t<div id=\"ngg-image-2\" class=\"ngg-gallery-thumbnail-box\" >\n\t\t\t\t        <div class=\"ngg-gallery-thumbnail\">\n            <a href=\"https:\/\/www.ynox.pl\/wp-content\/gallery\/victoria\/DSC_8624-55.jpg\"\n               title=\"www.ynox.pl\"\n               data-src=\"https:\/\/www.ynox.pl\/wp-content\/gallery\/victoria\/DSC_8624-55.jpg\"\n               data-thumbnail=\"https:\/\/www.ynox.pl\/wp-content\/gallery\/victoria\/thumbs\/thumbs_DSC_8624-55.jpg\"\n               data-image-id=\"126\"\n               data-title=\"www.ynox.pl\"\n               data-description=\"www.ynox.pl\"\n               data-image-slug=\"dsc_8624-55\"\n               class='use_imagebrowser_effect' data-imagebrowser-url='https:\/\/www.ynox.pl\/index.php\/nggallery\/image\/%STUB%?page_id=478'>\n                <img\n                    title=\"www.ynox.pl\"\n                    alt=\"www.ynox.pl\"\n                    src=\"https:\/\/www.ynox.pl\/wp-content\/gallery\/victoria\/thumbs\/thumbs_DSC_8624-55.jpg\"\n                    width=\"120\"\n                    height=\"90\"\n                    style=\"max-width:100%;\"\n                \/>\n            <\/a>\n        <\/div>\n\t\t\t\t\t\t\t<\/div> \n\t\t\t\n                            \n\t\t\t\t<div id=\"ngg-image-3\" class=\"ngg-gallery-thumbnail-box\" >\n\t\t\t\t        <div class=\"ngg-gallery-thumbnail\">\n            <a href=\"https:\/\/www.ynox.pl\/wp-content\/gallery\/victoria\/DSC_8646-58.jpg\"\n               title=\"www.ynox.pl\"\n               data-src=\"https:\/\/www.ynox.pl\/wp-content\/gallery\/victoria\/DSC_8646-58.jpg\"\n               data-thumbnail=\"https:\/\/www.ynox.pl\/wp-content\/gallery\/victoria\/thumbs\/thumbs_DSC_8646-58.jpg\"\n               data-image-id=\"129\"\n               data-title=\"www.ynox.pl\"\n               data-description=\"www.ynox.pl\"\n               data-image-slug=\"dsc_8646-58\"\n               class='use_imagebrowser_effect' data-imagebrowser-url='https:\/\/www.ynox.pl\/index.php\/nggallery\/image\/%STUB%?page_id=478'>\n                <img\n                    title=\"www.ynox.pl\"\n                    alt=\"www.ynox.pl\"\n                    src=\"https:\/\/www.ynox.pl\/wp-content\/gallery\/victoria\/thumbs\/thumbs_DSC_8646-58.jpg\"\n                    width=\"120\"\n                    height=\"90\"\n                    style=\"max-width:100%;\"\n                \/>\n            <\/a>\n        <\/div>\n\t\t\t\t\t\t\t<\/div> \n\t\t\t\n                            \n\t\t\t\t<div id=\"ngg-image-4\" class=\"ngg-gallery-thumbnail-box\" >\n\t\t\t\t        <div class=\"ngg-gallery-thumbnail\">\n            <a href=\"https:\/\/www.ynox.pl\/wp-content\/gallery\/victoria\/DSC_8658-60.jpg\"\n               title=\"www.ynox.pl\"\n               data-src=\"https:\/\/www.ynox.pl\/wp-content\/gallery\/victoria\/DSC_8658-60.jpg\"\n               data-thumbnail=\"https:\/\/www.ynox.pl\/wp-content\/gallery\/victoria\/thumbs\/thumbs_DSC_8658-60.jpg\"\n               data-image-id=\"131\"\n               data-title=\"www.ynox.pl\"\n               data-description=\"www.ynox.pl\"\n               data-image-slug=\"dsc_8658-60\"\n               class='use_imagebrowser_effect' data-imagebrowser-url='https:\/\/www.ynox.pl\/index.php\/nggallery\/image\/%STUB%?page_id=478'>\n                <img\n                    title=\"www.ynox.pl\"\n                    alt=\"www.ynox.pl\"\n                    src=\"https:\/\/www.ynox.pl\/wp-content\/gallery\/victoria\/thumbs\/thumbs_DSC_8658-60.jpg\"\n                    width=\"120\"\n                    height=\"90\"\n                    style=\"max-width:100%;\"\n                \/>\n            <\/a>\n        <\/div>\n\t\t\t\t\t\t\t<\/div> \n\t\t\t\n                                    <br style=\"clear: both\" \/>\n                    \n\t\t\t\t<div id=\"ngg-image-5\" class=\"ngg-gallery-thumbnail-box\" >\n\t\t\t\t        <div class=\"ngg-gallery-thumbnail\">\n            <a href=\"https:\/\/www.ynox.pl\/wp-content\/gallery\/victoria\/DSC_8625-56.jpg\"\n               title=\"www.ynox.pl\"\n               data-src=\"https:\/\/www.ynox.pl\/wp-content\/gallery\/victoria\/DSC_8625-56.jpg\"\n               data-thumbnail=\"https:\/\/www.ynox.pl\/wp-content\/gallery\/victoria\/thumbs\/thumbs_DSC_8625-56.jpg\"\n               data-image-id=\"127\"\n               data-title=\"www.ynox.pl\"\n               data-description=\"www.ynox.pl\"\n               data-image-slug=\"dsc_8625-56\"\n               class='use_imagebrowser_effect' data-imagebrowser-url='https:\/\/www.ynox.pl\/index.php\/nggallery\/image\/%STUB%?page_id=478'>\n                <img\n                    title=\"www.ynox.pl\"\n                    alt=\"www.ynox.pl\"\n                    src=\"https:\/\/www.ynox.pl\/wp-content\/gallery\/victoria\/thumbs\/thumbs_DSC_8625-56.jpg\"\n                    width=\"120\"\n                    height=\"90\"\n                    style=\"max-width:100%;\"\n                \/>\n            <\/a>\n        <\/div>\n\t\t\t\t\t\t\t<\/div> \n\t\t\t\n                            \n\t\t\t\t<div id=\"ngg-image-6\" class=\"ngg-gallery-thumbnail-box\" >\n\t\t\t\t        <div class=\"ngg-gallery-thumbnail\">\n            <a href=\"https:\/\/www.ynox.pl\/wp-content\/gallery\/victoria\/DSC_8651-59.jpg\"\n               title=\"www.ynox.pl\"\n               data-src=\"https:\/\/www.ynox.pl\/wp-content\/gallery\/victoria\/DSC_8651-59.jpg\"\n               data-thumbnail=\"https:\/\/www.ynox.pl\/wp-content\/gallery\/victoria\/thumbs\/thumbs_DSC_8651-59.jpg\"\n               data-image-id=\"130\"\n               data-title=\"www.ynox.pl\"\n               data-description=\"www.ynox.pl\"\n               data-image-slug=\"dsc_8651-59\"\n               class='use_imagebrowser_effect' data-imagebrowser-url='https:\/\/www.ynox.pl\/index.php\/nggallery\/image\/%STUB%?page_id=478'>\n                <img\n                    title=\"www.ynox.pl\"\n                    alt=\"www.ynox.pl\"\n                    src=\"https:\/\/www.ynox.pl\/wp-content\/gallery\/victoria\/thumbs\/thumbs_DSC_8651-59.jpg\"\n                    width=\"120\"\n                    height=\"90\"\n                    style=\"max-width:100%;\"\n                \/>\n            <\/a>\n        <\/div>\n\t\t\t\t\t\t\t<\/div> \n\t\t\t\n                            \n\t\t\t\t<div id=\"ngg-image-7\" class=\"ngg-gallery-thumbnail-box\" >\n\t\t\t\t        <div class=\"ngg-gallery-thumbnail\">\n            <a href=\"https:\/\/www.ynox.pl\/wp-content\/gallery\/victoria\/DSC_8668-62.jpg\"\n               title=\"www.ynox.pl\"\n               data-src=\"https:\/\/www.ynox.pl\/wp-content\/gallery\/victoria\/DSC_8668-62.jpg\"\n               data-thumbnail=\"https:\/\/www.ynox.pl\/wp-content\/gallery\/victoria\/thumbs\/thumbs_DSC_8668-62.jpg\"\n               data-image-id=\"133\"\n               data-title=\"www.ynox.pl\"\n               data-description=\"www.ynox.pl\"\n               data-image-slug=\"dsc_8668-62\"\n               class='use_imagebrowser_effect' data-imagebrowser-url='https:\/\/www.ynox.pl\/index.php\/nggallery\/image\/%STUB%?page_id=478'>\n                <img\n                    title=\"www.ynox.pl\"\n                    alt=\"www.ynox.pl\"\n                    src=\"https:\/\/www.ynox.pl\/wp-content\/gallery\/victoria\/thumbs\/thumbs_DSC_8668-62.jpg\"\n                    width=\"120\"\n                    height=\"90\"\n                    style=\"max-width:100%;\"\n                \/>\n            <\/a>\n        <\/div>\n\t\t\t\t\t\t\t<\/div> \n\t\t\t\n                            \n\t\t\t\t<div id=\"ngg-image-8\" class=\"ngg-gallery-thumbnail-box\" >\n\t\t\t\t        <div class=\"ngg-gallery-thumbnail\">\n            <a href=\"https:\/\/www.ynox.pl\/wp-content\/gallery\/victoria\/DSC_8673-2-64.jpg\"\n               title=\"www.ynox.pl\"\n               data-src=\"https:\/\/www.ynox.pl\/wp-content\/gallery\/victoria\/DSC_8673-2-64.jpg\"\n               data-thumbnail=\"https:\/\/www.ynox.pl\/wp-content\/gallery\/victoria\/thumbs\/thumbs_DSC_8673-2-64.jpg\"\n               data-image-id=\"135\"\n               data-title=\"www.ynox.pl\"\n               data-description=\"www.ynox.pl\"\n               data-image-slug=\"dsc_8673-2-64\"\n               class='use_imagebrowser_effect' data-imagebrowser-url='https:\/\/www.ynox.pl\/index.php\/nggallery\/image\/%STUB%?page_id=478'>\n                <img\n                    title=\"www.ynox.pl\"\n                    alt=\"www.ynox.pl\"\n                    src=\"https:\/\/www.ynox.pl\/wp-content\/gallery\/victoria\/thumbs\/thumbs_DSC_8673-2-64.jpg\"\n                    width=\"120\"\n                    height=\"90\"\n                    style=\"max-width:100%;\"\n                \/>\n            <\/a>\n        <\/div>\n\t\t\t\t\t\t\t<\/div> \n\t\t\t\n                            \n\t\t\t\t<div id=\"ngg-image-9\" class=\"ngg-gallery-thumbnail-box\" >\n\t\t\t\t        <div class=\"ngg-gallery-thumbnail\">\n            <a href=\"https:\/\/www.ynox.pl\/wp-content\/gallery\/victoria\/DSC_8675-2-66.jpg\"\n               title=\"www.ynox.pl\"\n               data-src=\"https:\/\/www.ynox.pl\/wp-content\/gallery\/victoria\/DSC_8675-2-66.jpg\"\n               data-thumbnail=\"https:\/\/www.ynox.pl\/wp-content\/gallery\/victoria\/thumbs\/thumbs_DSC_8675-2-66.jpg\"\n               data-image-id=\"137\"\n               data-title=\"www.ynox.pl\"\n               data-description=\"www.ynox.pl\"\n               data-image-slug=\"dsc_8675-2-66\"\n               class='use_imagebrowser_effect' data-imagebrowser-url='https:\/\/www.ynox.pl\/index.php\/nggallery\/image\/%STUB%?page_id=478'>\n                <img\n                    title=\"www.ynox.pl\"\n                    alt=\"www.ynox.pl\"\n                    src=\"https:\/\/www.ynox.pl\/wp-content\/gallery\/victoria\/thumbs\/thumbs_DSC_8675-2-66.jpg\"\n                    width=\"120\"\n                    height=\"90\"\n                    style=\"max-width:100%;\"\n                \/>\n            <\/a>\n        <\/div>\n\t\t\t\t\t\t\t<\/div> \n\t\t\t\n                                    <br style=\"clear: both\" \/>\n                    \n\t\t\t\t<div id=\"ngg-image-10\" class=\"ngg-gallery-thumbnail-box\" >\n\t\t\t\t        <div class=\"ngg-gallery-thumbnail\">\n            <a href=\"https:\/\/www.ynox.pl\/wp-content\/gallery\/victoria\/DSC_8680-2-71.jpg\"\n               title=\"www.ynox.pl\"\n               data-src=\"https:\/\/www.ynox.pl\/wp-content\/gallery\/victoria\/DSC_8680-2-71.jpg\"\n               data-thumbnail=\"https:\/\/www.ynox.pl\/wp-content\/gallery\/victoria\/thumbs\/thumbs_DSC_8680-2-71.jpg\"\n               data-image-id=\"142\"\n               data-title=\"www.ynox.pl\"\n               data-description=\"www.ynox.pl\"\n               data-image-slug=\"dsc_8680-2-71\"\n               class='use_imagebrowser_effect' data-imagebrowser-url='https:\/\/www.ynox.pl\/index.php\/nggallery\/image\/%STUB%?page_id=478'>\n                <img\n                    title=\"www.ynox.pl\"\n                    alt=\"www.ynox.pl\"\n                    src=\"https:\/\/www.ynox.pl\/wp-content\/gallery\/victoria\/thumbs\/thumbs_DSC_8680-2-71.jpg\"\n                    width=\"120\"\n                    height=\"90\"\n                    style=\"max-width:100%;\"\n                \/>\n            <\/a>\n        <\/div>\n\t\t\t\t\t\t\t<\/div> \n\t\t\t\n                            \n\t\t\t\t<div id=\"ngg-image-11\" class=\"ngg-gallery-thumbnail-box\" >\n\t\t\t\t        <div class=\"ngg-gallery-thumbnail\">\n            <a href=\"https:\/\/www.ynox.pl\/wp-content\/gallery\/victoria\/DSC_8684-3-76.jpg\"\n               title=\"www.ynox.pl\"\n               data-src=\"https:\/\/www.ynox.pl\/wp-content\/gallery\/victoria\/DSC_8684-3-76.jpg\"\n               data-thumbnail=\"https:\/\/www.ynox.pl\/wp-content\/gallery\/victoria\/thumbs\/thumbs_DSC_8684-3-76.jpg\"\n               data-image-id=\"147\"\n               data-title=\"www.ynox.pl\"\n               data-description=\"www.ynox.pl\"\n               data-image-slug=\"dsc_8684-3-76\"\n               class='use_imagebrowser_effect' data-imagebrowser-url='https:\/\/www.ynox.pl\/index.php\/nggallery\/image\/%STUB%?page_id=478'>\n                <img\n                    title=\"www.ynox.pl\"\n                    alt=\"www.ynox.pl\"\n                    src=\"https:\/\/www.ynox.pl\/wp-content\/gallery\/victoria\/thumbs\/thumbs_DSC_8684-3-76.jpg\"\n                    width=\"120\"\n                    height=\"90\"\n                    style=\"max-width:100%;\"\n                \/>\n            <\/a>\n        <\/div>\n\t\t\t\t\t\t\t<\/div> \n\t\t\t\n                            \n\t\t\t\t<div id=\"ngg-image-12\" class=\"ngg-gallery-thumbnail-box\" >\n\t\t\t\t        <div class=\"ngg-gallery-thumbnail\">\n            <a href=\"https:\/\/www.ynox.pl\/wp-content\/gallery\/victoria\/DSC_8672-63.jpg\"\n               title=\"www.ynox.pl\"\n               data-src=\"https:\/\/www.ynox.pl\/wp-content\/gallery\/victoria\/DSC_8672-63.jpg\"\n               data-thumbnail=\"https:\/\/www.ynox.pl\/wp-content\/gallery\/victoria\/thumbs\/thumbs_DSC_8672-63.jpg\"\n               data-image-id=\"134\"\n               data-title=\"www.ynox.pl\"\n               data-description=\"www.ynox.pl\"\n               data-image-slug=\"dsc_8672-63\"\n               class='use_imagebrowser_effect' data-imagebrowser-url='https:\/\/www.ynox.pl\/index.php\/nggallery\/image\/%STUB%?page_id=478'>\n                <img\n                    title=\"www.ynox.pl\"\n                    alt=\"www.ynox.pl\"\n                    src=\"https:\/\/www.ynox.pl\/wp-content\/gallery\/victoria\/thumbs\/thumbs_DSC_8672-63.jpg\"\n                    width=\"120\"\n                    height=\"90\"\n                    style=\"max-width:100%;\"\n                \/>\n            <\/a>\n        <\/div>\n\t\t\t\t\t\t\t<\/div> \n\t\t\t\n                            \n\t\t\t\t<div id=\"ngg-image-13\" class=\"ngg-gallery-thumbnail-box\" >\n\t\t\t\t        <div class=\"ngg-gallery-thumbnail\">\n            <a href=\"https:\/\/www.ynox.pl\/wp-content\/gallery\/victoria\/DSC_8658.jpg\"\n               title=\"www.ynox.pl\"\n               data-src=\"https:\/\/www.ynox.pl\/wp-content\/gallery\/victoria\/DSC_8658.jpg\"\n               data-thumbnail=\"https:\/\/www.ynox.pl\/wp-content\/gallery\/victoria\/thumbs\/thumbs_DSC_8658.jpg\"\n               data-image-id=\"123\"\n               data-title=\"www.ynox.pl\"\n               data-description=\"www.ynox.pl\"\n               data-image-slug=\"dsc_8658-2\"\n               class='use_imagebrowser_effect' data-imagebrowser-url='https:\/\/www.ynox.pl\/index.php\/nggallery\/image\/%STUB%?page_id=478'>\n                <img\n                    title=\"www.ynox.pl\"\n                    alt=\"www.ynox.pl\"\n                    src=\"https:\/\/www.ynox.pl\/wp-content\/gallery\/victoria\/thumbs\/thumbs_DSC_8658.jpg\"\n                    width=\"120\"\n                    height=\"90\"\n                    style=\"max-width:100%;\"\n                \/>\n            <\/a>\n        <\/div>\n\t\t\t\t\t\t\t<\/div> \n\t\t\t\n                            \n\t\t\t\t<div id=\"ngg-image-14\" class=\"ngg-gallery-thumbnail-box\" >\n\t\t\t\t        <div class=\"ngg-gallery-thumbnail\">\n            <a href=\"https:\/\/www.ynox.pl\/wp-content\/gallery\/victoria\/DSC_8663-61.jpg\"\n               title=\"www.ynox.pl\"\n               data-src=\"https:\/\/www.ynox.pl\/wp-content\/gallery\/victoria\/DSC_8663-61.jpg\"\n               data-thumbnail=\"https:\/\/www.ynox.pl\/wp-content\/gallery\/victoria\/thumbs\/thumbs_DSC_8663-61.jpg\"\n               data-image-id=\"132\"\n               data-title=\"www.ynox.pl\"\n               data-description=\"www.ynox.pl\"\n               data-image-slug=\"dsc_8663-61\"\n               class='use_imagebrowser_effect' data-imagebrowser-url='https:\/\/www.ynox.pl\/index.php\/nggallery\/image\/%STUB%?page_id=478'>\n                <img\n                    title=\"www.ynox.pl\"\n                    alt=\"www.ynox.pl\"\n                    src=\"https:\/\/www.ynox.pl\/wp-content\/gallery\/victoria\/thumbs\/thumbs_DSC_8663-61.jpg\"\n                    width=\"120\"\n                    height=\"90\"\n                    style=\"max-width:100%;\"\n                \/>\n            <\/a>\n        <\/div>\n\t\t\t\t\t\t\t<\/div> \n\t\t\t\n                                    <br style=\"clear: both\" \/>\n                    \n\t\t\t\t<div id=\"ngg-image-15\" class=\"ngg-gallery-thumbnail-box\" >\n\t\t\t\t        <div class=\"ngg-gallery-thumbnail\">\n            <a href=\"https:\/\/www.ynox.pl\/wp-content\/gallery\/victoria\/DSC_8683-75.jpg\"\n               title=\"www.ynox.pl\"\n               data-src=\"https:\/\/www.ynox.pl\/wp-content\/gallery\/victoria\/DSC_8683-75.jpg\"\n               data-thumbnail=\"https:\/\/www.ynox.pl\/wp-content\/gallery\/victoria\/thumbs\/thumbs_DSC_8683-75.jpg\"\n               data-image-id=\"146\"\n               data-title=\"www.ynox.pl\"\n               data-description=\"www.ynox.pl\"\n               data-image-slug=\"dsc_8683-75\"\n               class='use_imagebrowser_effect' data-imagebrowser-url='https:\/\/www.ynox.pl\/index.php\/nggallery\/image\/%STUB%?page_id=478'>\n                <img\n                    title=\"www.ynox.pl\"\n                    alt=\"www.ynox.pl\"\n                    src=\"https:\/\/www.ynox.pl\/wp-content\/gallery\/victoria\/thumbs\/thumbs_DSC_8683-75.jpg\"\n                    width=\"120\"\n                    height=\"90\"\n                    style=\"max-width:100%;\"\n                \/>\n            <\/a>\n        <\/div>\n\t\t\t\t\t\t\t<\/div> \n\t\t\t\n                            \n\t\t\n\t\t<!-- Pagination -->\n\t<div class='ngg-clear'><\/div>\t<\/div>\n<\/span><\/p>\n","protected":false},"excerpt":{"rendered":"<p>Pok&oacute;j 16-letniej Victorii. 42&nbsp;m2. Aran\u017cacja pe\u0142na. Victoria to m\u0142oda bardzo zaj\u0119ta osoba. Interesuje si\u0119 muzyk\u0105 (gra na skrzypcach), mod\u0105 i modelingiem. Kocha zwierz\u0119ta, chcia\u0142aby zosta\u0107 Lekarzem Weterynarii. Victoria dok\u0142adnie wiedzia\u0142a jakie s\u0105 jej oczekiwania. Stworzyli\u015bmy przestronny apartament z du\u017c\u0105 garderob\u0105 na niezliczon\u0105 ilo\u015b\u0107 ubra\u0144, but&oacute;w i dodatk&oacute;w, &nbsp;miejsce do pracy, wygodn\u0105 cz\u0119\u015b\u0107 wypoczynkow\u0105 oraz sypialni\u0119.&hellip;<\/p>\n","protected":false},"author":1,"featured_media":0,"parent":0,"menu_order":0,"comment_status":"closed","ping_status":"closed","template":"","meta":{"ngg_post_thumbnail":0},"_links":{"self":[{"href":"https:\/\/www.ynox.pl\/index.php?rest_route=\/wp\/v2\/pages\/478"}],"collection":[{"href":"https:\/\/www.ynox.pl\/index.php?rest_route=\/wp\/v2\/pages"}],"about":[{"href":"https:\/\/www.ynox.pl\/index.php?rest_route=\/wp\/v2\/types\/page"}],"author":[{"embeddable":true,"href":"https:\/\/www.ynox.pl\/index.php?rest_route=\/wp\/v2\/users\/1"}],"replies":[{"embeddable":true,"href":"https:\/\/www.ynox.pl\/index.php?rest_route=%2Fwp%2Fv2%2Fcomments&post=478"}],"version-history":[{"count":4,"href":"https:\/\/www.ynox.pl\/index.php?rest_route=\/wp\/v2\/pages\/478\/revisions"}],"predecessor-version":[{"id":558,"href":"https:\/\/www.ynox.pl\/index.php?rest_route=\/wp\/v2\/pages\/478\/revisions\/558"}],"wp:attachment":[{"href":"https:\/\/www.ynox.pl\/index.php?rest_route=%2Fwp%2Fv2%2Fmedia&parent=478"}],"curies":[{"name":"wp","href":"https:\/\/api.w.org\/{rel}","templated":true}]}}