{"id":50,"date":"2014-10-26T14:04:03","date_gmt":"2014-10-26T13:04:03","guid":{"rendered":"http:\/\/www.ynox.pl\/?page_id=50"},"modified":"2016-02-29T19:40:49","modified_gmt":"2016-02-29T18:40:49","slug":"aranzacja-pelna","status":"publish","type":"page","link":"https:\/\/www.ynox.pl\/?page_id=50","title":{"rendered":"WIZUALIZACJA"},"content":{"rendered":"<p>\n\tDla kogo?<br \/>\n\tDla os&oacute;b, kt&oacute;re chc\u0105 &nbsp;zobaczy\u0107 wn\u0119trze w uj\u0119ciu 3D. Wizulizacja nigdy w 100% nie odda rzeczywisto\u015bci. Jest to pr&oacute;ba zadzia\u0142ania na wyobra\u017ani\u0119 klienta.\n<\/p>\n<p>\n\tCo otrzymujesz w ramach ceny?\n<\/p>\n<p>\n\tWizualizacj\u0119 ka\u017cdego pomieszczenia obj\u0119tego m2 &#8211; trzy uj\u0119cia dla ka\u017cdego pomieszczenia.\n<\/p>\n<p>\n\t<span style=\"font-size:14px;\"><strong>Cena: 40&nbsp;pln\/m2 projektowanej powierzchni.<\/strong><\/span><\/p>\n","protected":false},"excerpt":{"rendered":"<p>Dla kogo? Dla os&oacute;b, kt&oacute;re chc\u0105 &nbsp;zobaczy\u0107 wn\u0119trze w uj\u0119ciu 3D. Wizulizacja nigdy w 100% nie odda rzeczywisto\u015bci. Jest to pr&oacute;ba zadzia\u0142ania na wyobra\u017ani\u0119 klienta. Co otrzymujesz w ramach ceny? Wizualizacj\u0119 ka\u017cdego pomieszczenia obj\u0119tego m2 &#8211; trzy uj\u0119cia dla ka\u017cdego pomieszczenia. Cena: 40&nbsp;pln\/m2 projektowanej powierzchni.<\/p>\n","protected":false},"author":1,"featured_media":0,"parent":31,"menu_order":0,"comment_status":"closed","ping_status":"closed","template":"","meta":{"ngg_post_thumbnail":0},"_links":{"self":[{"href":"https:\/\/www.ynox.pl\/index.php?rest_route=\/wp\/v2\/pages\/50"}],"collection":[{"href":"https:\/\/www.ynox.pl\/index.php?rest_route=\/wp\/v2\/pages"}],"about":[{"href":"https:\/\/www.ynox.pl\/index.php?rest_route=\/wp\/v2\/types\/page"}],"author":[{"embeddable":true,"href":"https:\/\/www.ynox.pl\/index.php?rest_route=\/wp\/v2\/users\/1"}],"replies":[{"embeddable":true,"href":"https:\/\/www.ynox.pl\/index.php?rest_route=%2Fwp%2Fv2%2Fcomments&post=50"}],"version-history":[{"count":5,"href":"https:\/\/www.ynox.pl\/index.php?rest_route=\/wp\/v2\/pages\/50\/revisions"}],"predecessor-version":[{"id":973,"href":"https:\/\/www.ynox.pl\/index.php?rest_route=\/wp\/v2\/pages\/50\/revisions\/973"}],"up":[{"embeddable":true,"href":"https:\/\/www.ynox.pl\/index.php?rest_route=\/wp\/v2\/pages\/31"}],"wp:attachment":[{"href":"https:\/\/www.ynox.pl\/index.php?rest_route=%2Fwp%2Fv2%2Fmedia&parent=50"}],"curies":[{"name":"wp","href":"https:\/\/api.w.org\/{rel}","templated":true}]}}