{"id":67,"date":"2014-10-26T14:53:56","date_gmt":"2014-10-26T13:53:56","guid":{"rendered":"http:\/\/www.ynox.pl\/?page_id=67"},"modified":"2015-02-08T19:45:16","modified_gmt":"2015-02-08T18:45:16","slug":"dom-oli-i-piotra","status":"publish","type":"page","link":"https:\/\/www.ynox.pl\/?page_id=67","title":{"rendered":"DOM NA MOKOTOWIE"},"content":{"rendered":"<p style=\"text-align: justify;\">\n\tDom Oli i Piotra na Mokotowie. Powierzchnia 240 m2.<br \/>\n\tAran\u017cacja pe\u0142na. Nowo wybudowany dom wymaga\u0142 pe\u0142nej aran\u017cacji. Ju\u017c na etapie budowy konieczne by\u0142y przer&oacute;bki elektryczne, wod.-kan. itd. Projekt obejmowa\u0142 dostosowanie i uj\u0119cie w logiczn\u0105 ca\u0142o\u015b\u0107 wszystkiego: kolorystyki domu, zastosowanych mebli, podzia\u0142u przestrzeni ka\u017cdego pomieszczenia tj. salonu, kuchni, sypialni, gabinetu, wszystkich \u0142azienek, pokoju dziecka oraz bawialni. Dobrane zosta\u0142y r&oacute;wnie\u017c pod\u0142ogi, o\u015bwietlenie oraz dodatki. Projekt obejmowa\u0142 r&oacute;wnie\u017c \u0142azienki (od podzia\u0142u funkcjonalnego po glazur\u0119, armatur\u0119, kolorystyk\u0119 itd. Nale\u017ca\u0142o zachowa\u0107 pe\u0142n\u0105 konsekwencj\u0119 przy zastosowaniu stylu eklektycznego.\n<\/p>\n<p>\n\t<a href=\"http:\/\/www.ynox.pl\/Dom%20Oli%20i%20Piotra%20aran%C5%BCacja%20pe%C5%82na\/\">GALERIA<\/a><\/p>\n","protected":false},"excerpt":{"rendered":"<p>Dom Oli i Piotra na Mokotowie. Powierzchnia 240 m2. Aran\u017cacja pe\u0142na. Nowo wybudowany dom wymaga\u0142 pe\u0142nej aran\u017cacji. Ju\u017c na etapie budowy konieczne by\u0142y przer&oacute;bki elektryczne, wod.-kan. itd. Projekt obejmowa\u0142 dostosowanie i uj\u0119cie w logiczn\u0105 ca\u0142o\u015b\u0107 wszystkiego: kolorystyki domu, zastosowanych mebli, podzia\u0142u przestrzeni ka\u017cdego pomieszczenia tj. salonu, kuchni, sypialni, gabinetu, wszystkich \u0142azienek, pokoju dziecka oraz bawialni.&hellip;<\/p>\n","protected":false},"author":1,"featured_media":0,"parent":8,"menu_order":0,"comment_status":"closed","ping_status":"closed","template":"","meta":{"ngg_post_thumbnail":0},"_links":{"self":[{"href":"https:\/\/www.ynox.pl\/index.php?rest_route=\/wp\/v2\/pages\/67"}],"collection":[{"href":"https:\/\/www.ynox.pl\/index.php?rest_route=\/wp\/v2\/pages"}],"about":[{"href":"https:\/\/www.ynox.pl\/index.php?rest_route=\/wp\/v2\/types\/page"}],"author":[{"embeddable":true,"href":"https:\/\/www.ynox.pl\/index.php?rest_route=\/wp\/v2\/users\/1"}],"replies":[{"embeddable":true,"href":"https:\/\/www.ynox.pl\/index.php?rest_route=%2Fwp%2Fv2%2Fcomments&post=67"}],"version-history":[{"count":5,"href":"https:\/\/www.ynox.pl\/index.php?rest_route=\/wp\/v2\/pages\/67\/revisions"}],"predecessor-version":[{"id":463,"href":"https:\/\/www.ynox.pl\/index.php?rest_route=\/wp\/v2\/pages\/67\/revisions\/463"}],"up":[{"embeddable":true,"href":"https:\/\/www.ynox.pl\/index.php?rest_route=\/wp\/v2\/pages\/8"}],"wp:attachment":[{"href":"https:\/\/www.ynox.pl\/index.php?rest_route=%2Fwp%2Fv2%2Fmedia&parent=67"}],"curies":[{"name":"wp","href":"https:\/\/api.w.org\/{rel}","templated":true}]}}