{"id":69,"date":"2014-10-26T14:54:22","date_gmt":"2014-10-26T13:54:22","guid":{"rendered":"http:\/\/www.ynox.pl\/?page_id=69"},"modified":"2015-02-07T19:59:43","modified_gmt":"2015-02-07T18:59:43","slug":"mieszkanie-agnieszki-i-pawla","status":"publish","type":"page","link":"https:\/\/www.ynox.pl\/?page_id=69","title":{"rendered":"MIESZKANIE W WESO\u0141EJ"},"content":{"rendered":"<p style=\"text-align: justify;\">\n\tMieszkanie Agnieszki i Paw\u0142a w Warszawie &#8211; Weso\u0142ej 135m\/2. Aran\u017cacja pe\u0142na.<br \/>\n\tDwupoziomowe mieszkanie, po\u0142o\u017cone na kameralnym osiedlu w\u015br&oacute;d zieleni, z w\u0142asnym ogr&oacute;dkiem. Inspiracj\u0105 do projektu tego mieszkania sta\u0142y si\u0119 pi\u0119kne obrazy i meble, odziedziczone przez w\u0142a\u015bcicielk\u0119, po babci &#8211; malarce. Ale nie tylko to by\u0142o priorytetem w urz\u0105dzaniu tego wn\u0119trza. Chodzi\u0142o te\u017c o stworzenie mieszkania sp&oacute;jnego kolorystycznie ale nade wszystko funkcjonalnego. St\u0105d z ogromn\u0105 pieczo\u0142owito\u015bci\u0105 dobrana jest kuchnia, szafy, garderoba i schowki, tak, aby nawet korale Pani domu mia\u0142y swoje miejsce. R&oacute;wnie\u017c o\u015bwietlenie jest bardzo wa\u017cnym elementem ca\u0142o\u015bci. Jest ono pomy\u015blane w taki spos&oacute;b, by mo\u017cna by\u0142o tworzy\u0107 ciekawe plany \u015bwietlne w r&oacute;\u017cnych porach dnia, w zale\u017cno\u015bci od nastroju i potrzeb. Powsta\u0142o wn\u0119trze bardzo wytworne o wysokiej jako\u015bci, jednak nie ci\u0119\u017ckie. Dostojne elementy mebli i obraz&oacute;w prze\u0142amano lekkimi rozwi\u0105zaniami \u017cyrandoli. Dodano koloru niewinnej bieli oraz ecru, tak aby uzyska\u0107 efekt lekko\u015bci. Wpleciony kolor czerni i szaro\u015bci powoduje, \u017ce wn\u0119trze nabiera nut\u0119 nowoczesno\u015bci i zadziorno\u015bci, przez co mieszkanie nie jest dosadne stylistycznie i kolorystycznie. Pomimo kilku powa\u017cnych element&oacute;w , wchodz\u0105c do mieszkania nie ma si\u0119 \u017cadnych w\u0105tpliwo\u015bci, \u017ce mieszkaj\u0105 w nim energiczni m\u0142odzi ludzie. W ko\u0144cu nie bez kozery si\u0119 m&oacute;wi, \u017ce &bdquo;diabe\u0142 tkwi w szczeg&oacute;\u0142ach&rdquo; i udana stylizacja potrafi &bdquo;oszuka\u0107&rdquo; wra\u017cenia.\n<\/p>\n<p>\n\t<a href=\"http:\/\/www.ynox.pl\/Mieszkanie%20Agnieszki%20i%20Paw%C5%82a\/#\">GALERIA<\/a><\/p>\n","protected":false},"excerpt":{"rendered":"<p>Mieszkanie Agnieszki i Paw\u0142a w Warszawie &#8211; Weso\u0142ej 135m\/2. Aran\u017cacja pe\u0142na. Dwupoziomowe mieszkanie, po\u0142o\u017cone na kameralnym osiedlu w\u015br&oacute;d zieleni, z w\u0142asnym ogr&oacute;dkiem. Inspiracj\u0105 do projektu tego mieszkania sta\u0142y si\u0119 pi\u0119kne obrazy i meble, odziedziczone przez w\u0142a\u015bcicielk\u0119, po babci &#8211; malarce. Ale nie tylko to by\u0142o priorytetem w urz\u0105dzaniu tego wn\u0119trza. Chodzi\u0142o te\u017c o stworzenie mieszkania&hellip;<\/p>\n","protected":false},"author":1,"featured_media":0,"parent":8,"menu_order":0,"comment_status":"closed","ping_status":"closed","template":"","meta":{"ngg_post_thumbnail":0},"_links":{"self":[{"href":"https:\/\/www.ynox.pl\/index.php?rest_route=\/wp\/v2\/pages\/69"}],"collection":[{"href":"https:\/\/www.ynox.pl\/index.php?rest_route=\/wp\/v2\/pages"}],"about":[{"href":"https:\/\/www.ynox.pl\/index.php?rest_route=\/wp\/v2\/types\/page"}],"author":[{"embeddable":true,"href":"https:\/\/www.ynox.pl\/index.php?rest_route=\/wp\/v2\/users\/1"}],"replies":[{"embeddable":true,"href":"https:\/\/www.ynox.pl\/index.php?rest_route=%2Fwp%2Fv2%2Fcomments&post=69"}],"version-history":[{"count":4,"href":"https:\/\/www.ynox.pl\/index.php?rest_route=\/wp\/v2\/pages\/69\/revisions"}],"predecessor-version":[{"id":443,"href":"https:\/\/www.ynox.pl\/index.php?rest_route=\/wp\/v2\/pages\/69\/revisions\/443"}],"up":[{"embeddable":true,"href":"https:\/\/www.ynox.pl\/index.php?rest_route=\/wp\/v2\/pages\/8"}],"wp:attachment":[{"href":"https:\/\/www.ynox.pl\/index.php?rest_route=%2Fwp%2Fv2%2Fmedia&parent=69"}],"curies":[{"name":"wp","href":"https:\/\/api.w.org\/{rel}","templated":true}]}}