{"id":71,"date":"2014-10-26T14:56:45","date_gmt":"2014-10-26T13:56:45","guid":{"rendered":"http:\/\/www.ynox.pl\/?page_id=71"},"modified":"2015-02-07T20:01:25","modified_gmt":"2015-02-07T19:01:25","slug":"mieszkanie-ani-i-jarka","status":"publish","type":"page","link":"https:\/\/www.ynox.pl\/?page_id=71","title":{"rendered":"MIESZKANIE W PIASECZNIE"},"content":{"rendered":"<p style=\"text-align: justify;\">\n\tMieszkanie Ani i Jarka w Piasecznie. Powierzchnia 78m2. Aran\u017cacja pe\u0142na.<br \/>\n\tNowe mieszkanie zakupione od developera wymaga\u0142o przeorganizowania przestrzeni. G\u0142&oacute;wnym celem i najtrudniejszym punktem by\u0142o podzielenie \u015bredniego pokoju na dwa mniejsze: dzieci\u0119cy oraz gabinet; wygospodarowanie miejsca na pojemn\u0105 garderob\u0119; wykreowanie funkcjonalnej przestrzeni dziennej z wygodnym naro\u017cnikiem, jadalni\u0105 i kuchni\u0105 oraz \u0142azienki z miejscem na pralk\u0119 i sypialni. Projekt obejmowa\u0142: przer&oacute;bki elektryczne m.in.o\u015bwietlenia (sufity podwieszane), szaf\u0119, szafki w kuchni, pod\u0142ogi, nowy uk\u0142ad \u0142azienki oraz dob&oacute;r kolorystyki (tapety i farby) a tak\u017ce mebli i o\u015bwietlenia. Ko\u0144cowym etapem by\u0142y elementy dekoratorskie tj. zas\u0142ony, dywany, poduszki oraz inne detale ozdobne.\n<\/p>\n<p>\n\t<a href=\"http:\/\/www.ynox.pl\/Mieszkanie%20Ani%20i%20Jarka%20ara%C5%BCacja%20pe%C5%82na\/\">GALERIA<\/a><\/p>\n","protected":false},"excerpt":{"rendered":"<p>Mieszkanie Ani i Jarka w Piasecznie. Powierzchnia 78m2. Aran\u017cacja pe\u0142na. Nowe mieszkanie zakupione od developera wymaga\u0142o przeorganizowania przestrzeni. G\u0142&oacute;wnym celem i najtrudniejszym punktem by\u0142o podzielenie \u015bredniego pokoju na dwa mniejsze: dzieci\u0119cy oraz gabinet; wygospodarowanie miejsca na pojemn\u0105 garderob\u0119; wykreowanie funkcjonalnej przestrzeni dziennej z wygodnym naro\u017cnikiem, jadalni\u0105 i kuchni\u0105 oraz \u0142azienki z miejscem na pralk\u0119 i&hellip;<\/p>\n","protected":false},"author":1,"featured_media":0,"parent":8,"menu_order":0,"comment_status":"closed","ping_status":"closed","template":"","meta":{"ngg_post_thumbnail":0},"_links":{"self":[{"href":"https:\/\/www.ynox.pl\/index.php?rest_route=\/wp\/v2\/pages\/71"}],"collection":[{"href":"https:\/\/www.ynox.pl\/index.php?rest_route=\/wp\/v2\/pages"}],"about":[{"href":"https:\/\/www.ynox.pl\/index.php?rest_route=\/wp\/v2\/types\/page"}],"author":[{"embeddable":true,"href":"https:\/\/www.ynox.pl\/index.php?rest_route=\/wp\/v2\/users\/1"}],"replies":[{"embeddable":true,"href":"https:\/\/www.ynox.pl\/index.php?rest_route=%2Fwp%2Fv2%2Fcomments&post=71"}],"version-history":[{"count":4,"href":"https:\/\/www.ynox.pl\/index.php?rest_route=\/wp\/v2\/pages\/71\/revisions"}],"predecessor-version":[{"id":447,"href":"https:\/\/www.ynox.pl\/index.php?rest_route=\/wp\/v2\/pages\/71\/revisions\/447"}],"up":[{"embeddable":true,"href":"https:\/\/www.ynox.pl\/index.php?rest_route=\/wp\/v2\/pages\/8"}],"wp:attachment":[{"href":"https:\/\/www.ynox.pl\/index.php?rest_route=%2Fwp%2Fv2%2Fmedia&parent=71"}],"curies":[{"name":"wp","href":"https:\/\/api.w.org\/{rel}","templated":true}]}}