{"id":715,"date":"2015-04-18T18:48:49","date_gmt":"2015-04-18T16:48:49","guid":{"rendered":"http:\/\/www.ynox.pl\/?page_id=715"},"modified":"2015-04-19T09:47:26","modified_gmt":"2015-04-19T07:47:26","slug":"dom-w-wesolej","status":"publish","type":"page","link":"https:\/\/www.ynox.pl\/?page_id=715","title":{"rendered":"DOM W WESO\u0141EJ"},"content":{"rendered":"<p>\n\tDom w Weso\u0142ej 60 m2. Aran\u017cacja pe\u0142na.\n<\/p>\n<p>\n\tAnia i S\u0142awek. Ona &#8211; lubi\u0105ca to co \u0142adne i wyszukane ale&nbsp;z rozs\u0105dkiem i umiarem podchodz\u0105ca do wydatk&oacute;w, on niepoprawny optymista z artystyczn\u0105 dusz\u0105 &#8211; wielbiciel gitary i The Beatles. Ogie\u0144 i woda, dwie skrajnie r&oacute;\u017cne dusze, jednak blisko siebie. Uda\u0142o si\u0119 uzyska\u0107 kompromis oczekiwa\u0144 obu stron. Niedu\u017cy domek zamieniono na wygodn\u0105 dacz\u0119 w klimacie francuskiej werandy, z nut\u0105 prowansji, odrobin\u0105 nowoczesno\u015bci i krztyn\u0105 skandynawii. Efekt ko\u0144cowy&nbsp;przeszed\u0142 chyba oczekiwania wszystkich. Jest przytulnie, bez nad\u0119cia z nutk\u0105 dekadencji. Ehh, warto czasem prze\u0142amywa\u0107 stereotypy!\n<\/p>\n<p>\n\t<span style=\"line-height: 20.7999992370605px;\"><!-- index.php -->\n<div\n\tclass=\"ngg-galleryoverview ngg-ajax-pagination-none\"\n\tid=\"ngg-gallery-650fac78d109c244e8f88b387b270a7d-1\">\n\n    \t\t<!-- Thumbnails -->\n\t\t\t\t<div id=\"ngg-image-0\" class=\"ngg-gallery-thumbnail-box\" >\n\t\t\t\t        <div class=\"ngg-gallery-thumbnail\">\n            <a href=\"https:\/\/www.ynox.pl\/wp-content\/gallery\/wesola\/DSC_9325.jpg\"\n               title=\"www.ynox.pl\"\n               data-src=\"https:\/\/www.ynox.pl\/wp-content\/gallery\/wesola\/DSC_9325.jpg\"\n               data-thumbnail=\"https:\/\/www.ynox.pl\/wp-content\/gallery\/wesola\/thumbs\/thumbs_DSC_9325.jpg\"\n               data-image-id=\"198\"\n               data-title=\"DSC_9325\"\n               data-description=\"www.ynox.pl\"\n               data-image-slug=\"dsc_9325\"\n               class='use_imagebrowser_effect' data-imagebrowser-url='https:\/\/www.ynox.pl\/index.php\/nggallery\/image\/%STUB%?page_id=715'>\n                <img\n                    title=\"DSC_9325\"\n                    alt=\"DSC_9325\"\n                    src=\"https:\/\/www.ynox.pl\/wp-content\/gallery\/wesola\/thumbs\/thumbs_DSC_9325.jpg\"\n                    width=\"120\"\n                    height=\"90\"\n                    style=\"max-width:100%;\"\n                \/>\n            <\/a>\n        <\/div>\n\t\t\t\t\t\t\t<\/div> \n\t\t\t\n                            \n\t\t\t\t<div id=\"ngg-image-1\" class=\"ngg-gallery-thumbnail-box\" >\n\t\t\t\t        <div class=\"ngg-gallery-thumbnail\">\n            <a href=\"https:\/\/www.ynox.pl\/wp-content\/gallery\/wesola\/DSC_9310.jpg\"\n               title=\"www.ynox.pl\"\n               data-src=\"https:\/\/www.ynox.pl\/wp-content\/gallery\/wesola\/DSC_9310.jpg\"\n               data-thumbnail=\"https:\/\/www.ynox.pl\/wp-content\/gallery\/wesola\/thumbs\/thumbs_DSC_9310.jpg\"\n               data-image-id=\"195\"\n               data-title=\"DSC_9310\"\n               data-description=\"www.ynox.pl\"\n               data-image-slug=\"dsc_9310\"\n               class='use_imagebrowser_effect' data-imagebrowser-url='https:\/\/www.ynox.pl\/index.php\/nggallery\/image\/%STUB%?page_id=715'>\n                <img\n                    title=\"DSC_9310\"\n                    alt=\"DSC_9310\"\n                    src=\"https:\/\/www.ynox.pl\/wp-content\/gallery\/wesola\/thumbs\/thumbs_DSC_9310.jpg\"\n                    width=\"120\"\n                    height=\"90\"\n                    style=\"max-width:100%;\"\n                \/>\n            <\/a>\n        <\/div>\n\t\t\t\t\t\t\t<\/div> \n\t\t\t\n                            \n\t\t\t\t<div id=\"ngg-image-2\" class=\"ngg-gallery-thumbnail-box\" >\n\t\t\t\t        <div class=\"ngg-gallery-thumbnail\">\n            <a href=\"https:\/\/www.ynox.pl\/wp-content\/gallery\/wesola\/DSC_9415.jpg\"\n               title=\"www.ynox.pl\"\n               data-src=\"https:\/\/www.ynox.pl\/wp-content\/gallery\/wesola\/DSC_9415.jpg\"\n               data-thumbnail=\"https:\/\/www.ynox.pl\/wp-content\/gallery\/wesola\/thumbs\/thumbs_DSC_9415.jpg\"\n               data-image-id=\"205\"\n               data-title=\"DSC_9415\"\n               data-description=\"www.ynox.pl\"\n               data-image-slug=\"dsc_9415\"\n               class='use_imagebrowser_effect' data-imagebrowser-url='https:\/\/www.ynox.pl\/index.php\/nggallery\/image\/%STUB%?page_id=715'>\n                <img\n                    title=\"DSC_9415\"\n                    alt=\"DSC_9415\"\n                    src=\"https:\/\/www.ynox.pl\/wp-content\/gallery\/wesola\/thumbs\/thumbs_DSC_9415.jpg\"\n                    width=\"120\"\n                    height=\"90\"\n                    style=\"max-width:100%;\"\n                \/>\n            <\/a>\n        <\/div>\n\t\t\t\t\t\t\t<\/div> \n\t\t\t\n                            \n\t\t\t\t<div id=\"ngg-image-3\" class=\"ngg-gallery-thumbnail-box\" >\n\t\t\t\t        <div class=\"ngg-gallery-thumbnail\">\n            <a href=\"https:\/\/www.ynox.pl\/wp-content\/gallery\/wesola\/DSC_9316.jpg\"\n               title=\"www.ynox.pl\"\n               data-src=\"https:\/\/www.ynox.pl\/wp-content\/gallery\/wesola\/DSC_9316.jpg\"\n               data-thumbnail=\"https:\/\/www.ynox.pl\/wp-content\/gallery\/wesola\/thumbs\/thumbs_DSC_9316.jpg\"\n               data-image-id=\"196\"\n               data-title=\"DSC_9316\"\n               data-description=\"www.ynox.pl\"\n               data-image-slug=\"dsc_9316\"\n               class='use_imagebrowser_effect' data-imagebrowser-url='https:\/\/www.ynox.pl\/index.php\/nggallery\/image\/%STUB%?page_id=715'>\n                <img\n                    title=\"DSC_9316\"\n                    alt=\"DSC_9316\"\n                    src=\"https:\/\/www.ynox.pl\/wp-content\/gallery\/wesola\/thumbs\/thumbs_DSC_9316.jpg\"\n                    width=\"120\"\n                    height=\"90\"\n                    style=\"max-width:100%;\"\n                \/>\n            <\/a>\n        <\/div>\n\t\t\t\t\t\t\t<\/div> \n\t\t\t\n                            \n\t\t\t\t<div id=\"ngg-image-4\" class=\"ngg-gallery-thumbnail-box\" >\n\t\t\t\t        <div class=\"ngg-gallery-thumbnail\">\n            <a href=\"https:\/\/www.ynox.pl\/wp-content\/gallery\/wesola\/DSC_9328.jpg\"\n               title=\"www.ynox.pl\"\n               data-src=\"https:\/\/www.ynox.pl\/wp-content\/gallery\/wesola\/DSC_9328.jpg\"\n               data-thumbnail=\"https:\/\/www.ynox.pl\/wp-content\/gallery\/wesola\/thumbs\/thumbs_DSC_9328.jpg\"\n               data-image-id=\"200\"\n               data-title=\"DSC_9328\"\n               data-description=\"www.ynox.pl\"\n               data-image-slug=\"dsc_9328\"\n               class='use_imagebrowser_effect' data-imagebrowser-url='https:\/\/www.ynox.pl\/index.php\/nggallery\/image\/%STUB%?page_id=715'>\n                <img\n                    title=\"DSC_9328\"\n                    alt=\"DSC_9328\"\n                    src=\"https:\/\/www.ynox.pl\/wp-content\/gallery\/wesola\/thumbs\/thumbs_DSC_9328.jpg\"\n                    width=\"120\"\n                    height=\"90\"\n                    style=\"max-width:100%;\"\n                \/>\n            <\/a>\n        <\/div>\n\t\t\t\t\t\t\t<\/div> \n\t\t\t\n                                    <br style=\"clear: both\" \/>\n                    \n\t\t\t\t<div id=\"ngg-image-5\" class=\"ngg-gallery-thumbnail-box\" >\n\t\t\t\t        <div class=\"ngg-gallery-thumbnail\">\n            <a href=\"https:\/\/www.ynox.pl\/wp-content\/gallery\/wesola\/DSC_9428.jpg\"\n               title=\"www.ynox.pl\"\n               data-src=\"https:\/\/www.ynox.pl\/wp-content\/gallery\/wesola\/DSC_9428.jpg\"\n               data-thumbnail=\"https:\/\/www.ynox.pl\/wp-content\/gallery\/wesola\/thumbs\/thumbs_DSC_9428.jpg\"\n               data-image-id=\"208\"\n               data-title=\"DSC_9428\"\n               data-description=\"www.ynox.pl\"\n               data-image-slug=\"dsc_9428\"\n               class='use_imagebrowser_effect' data-imagebrowser-url='https:\/\/www.ynox.pl\/index.php\/nggallery\/image\/%STUB%?page_id=715'>\n                <img\n                    title=\"DSC_9428\"\n                    alt=\"DSC_9428\"\n                    src=\"https:\/\/www.ynox.pl\/wp-content\/gallery\/wesola\/thumbs\/thumbs_DSC_9428.jpg\"\n                    width=\"120\"\n                    height=\"90\"\n                    style=\"max-width:100%;\"\n                \/>\n            <\/a>\n        <\/div>\n\t\t\t\t\t\t\t<\/div> \n\t\t\t\n                            \n\t\t\t\t<div id=\"ngg-image-6\" class=\"ngg-gallery-thumbnail-box\" >\n\t\t\t\t        <div class=\"ngg-gallery-thumbnail\">\n            <a href=\"https:\/\/www.ynox.pl\/wp-content\/gallery\/wesola\/DSC_9386.jpg\"\n               title=\"www.ynox.pl\"\n               data-src=\"https:\/\/www.ynox.pl\/wp-content\/gallery\/wesola\/DSC_9386.jpg\"\n               data-thumbnail=\"https:\/\/www.ynox.pl\/wp-content\/gallery\/wesola\/thumbs\/thumbs_DSC_9386.jpg\"\n               data-image-id=\"204\"\n               data-title=\"DSC_9386\"\n               data-description=\"www.ynox.pl\"\n               data-image-slug=\"dsc_9386\"\n               class='use_imagebrowser_effect' data-imagebrowser-url='https:\/\/www.ynox.pl\/index.php\/nggallery\/image\/%STUB%?page_id=715'>\n                <img\n                    title=\"DSC_9386\"\n                    alt=\"DSC_9386\"\n                    src=\"https:\/\/www.ynox.pl\/wp-content\/gallery\/wesola\/thumbs\/thumbs_DSC_9386.jpg\"\n                    width=\"120\"\n                    height=\"90\"\n                    style=\"max-width:100%;\"\n                \/>\n            <\/a>\n        <\/div>\n\t\t\t\t\t\t\t<\/div> \n\t\t\t\n                            \n\t\t\t\t<div id=\"ngg-image-7\" class=\"ngg-gallery-thumbnail-box\" >\n\t\t\t\t        <div class=\"ngg-gallery-thumbnail\">\n            <a href=\"https:\/\/www.ynox.pl\/wp-content\/gallery\/wesola\/DSC_9318.jpg\"\n               title=\"www.ynox.pl\"\n               data-src=\"https:\/\/www.ynox.pl\/wp-content\/gallery\/wesola\/DSC_9318.jpg\"\n               data-thumbnail=\"https:\/\/www.ynox.pl\/wp-content\/gallery\/wesola\/thumbs\/thumbs_DSC_9318.jpg\"\n               data-image-id=\"197\"\n               data-title=\"DSC_9318\"\n               data-description=\"www.ynox.pl\"\n               data-image-slug=\"dsc_9318\"\n               class='use_imagebrowser_effect' data-imagebrowser-url='https:\/\/www.ynox.pl\/index.php\/nggallery\/image\/%STUB%?page_id=715'>\n                <img\n                    title=\"DSC_9318\"\n                    alt=\"DSC_9318\"\n                    src=\"https:\/\/www.ynox.pl\/wp-content\/gallery\/wesola\/thumbs\/thumbs_DSC_9318.jpg\"\n                    width=\"120\"\n                    height=\"90\"\n                    style=\"max-width:100%;\"\n                \/>\n            <\/a>\n        <\/div>\n\t\t\t\t\t\t\t<\/div> \n\t\t\t\n                            \n\t\t\t\t<div id=\"ngg-image-8\" class=\"ngg-gallery-thumbnail-box\" >\n\t\t\t\t        <div class=\"ngg-gallery-thumbnail\">\n            <a href=\"https:\/\/www.ynox.pl\/wp-content\/gallery\/wesola\/DSC_9426.jpg\"\n               title=\"www.ynox.pl\"\n               data-src=\"https:\/\/www.ynox.pl\/wp-content\/gallery\/wesola\/DSC_9426.jpg\"\n               data-thumbnail=\"https:\/\/www.ynox.pl\/wp-content\/gallery\/wesola\/thumbs\/thumbs_DSC_9426.jpg\"\n               data-image-id=\"207\"\n               data-title=\"DSC_9426\"\n               data-description=\"www.ynox.pl\"\n               data-image-slug=\"dsc_9426\"\n               class='use_imagebrowser_effect' data-imagebrowser-url='https:\/\/www.ynox.pl\/index.php\/nggallery\/image\/%STUB%?page_id=715'>\n                <img\n                    title=\"DSC_9426\"\n                    alt=\"DSC_9426\"\n                    src=\"https:\/\/www.ynox.pl\/wp-content\/gallery\/wesola\/thumbs\/thumbs_DSC_9426.jpg\"\n                    width=\"120\"\n                    height=\"90\"\n                    style=\"max-width:100%;\"\n                \/>\n            <\/a>\n        <\/div>\n\t\t\t\t\t\t\t<\/div> \n\t\t\t\n                            \n\t\t\t\t<div id=\"ngg-image-9\" class=\"ngg-gallery-thumbnail-box\" >\n\t\t\t\t        <div class=\"ngg-gallery-thumbnail\">\n            <a href=\"https:\/\/www.ynox.pl\/wp-content\/gallery\/wesola\/DSC_9327.jpg\"\n               title=\"www.ynox.pl\"\n               data-src=\"https:\/\/www.ynox.pl\/wp-content\/gallery\/wesola\/DSC_9327.jpg\"\n               data-thumbnail=\"https:\/\/www.ynox.pl\/wp-content\/gallery\/wesola\/thumbs\/thumbs_DSC_9327.jpg\"\n               data-image-id=\"199\"\n               data-title=\"DSC_9327\"\n               data-description=\"www.ynox.pl\"\n               data-image-slug=\"dsc_9327\"\n               class='use_imagebrowser_effect' data-imagebrowser-url='https:\/\/www.ynox.pl\/index.php\/nggallery\/image\/%STUB%?page_id=715'>\n                <img\n                    title=\"DSC_9327\"\n                    alt=\"DSC_9327\"\n                    src=\"https:\/\/www.ynox.pl\/wp-content\/gallery\/wesola\/thumbs\/thumbs_DSC_9327.jpg\"\n                    width=\"120\"\n                    height=\"90\"\n                    style=\"max-width:100%;\"\n                \/>\n            <\/a>\n        <\/div>\n\t\t\t\t\t\t\t<\/div> \n\t\t\t\n                                    <br style=\"clear: both\" \/>\n                    \n\t\t\t\t<div id=\"ngg-image-10\" class=\"ngg-gallery-thumbnail-box\" >\n\t\t\t\t        <div class=\"ngg-gallery-thumbnail\">\n            <a href=\"https:\/\/www.ynox.pl\/wp-content\/gallery\/wesola\/DSC_9437.jpg\"\n               title=\"www.ynox.pl\"\n               data-src=\"https:\/\/www.ynox.pl\/wp-content\/gallery\/wesola\/DSC_9437.jpg\"\n               data-thumbnail=\"https:\/\/www.ynox.pl\/wp-content\/gallery\/wesola\/thumbs\/thumbs_DSC_9437.jpg\"\n               data-image-id=\"209\"\n               data-title=\"DSC_9437\"\n               data-description=\"www.ynox.pl\"\n               data-image-slug=\"dsc_9437\"\n               class='use_imagebrowser_effect' data-imagebrowser-url='https:\/\/www.ynox.pl\/index.php\/nggallery\/image\/%STUB%?page_id=715'>\n                <img\n                    title=\"DSC_9437\"\n                    alt=\"DSC_9437\"\n                    src=\"https:\/\/www.ynox.pl\/wp-content\/gallery\/wesola\/thumbs\/thumbs_DSC_9437.jpg\"\n                    width=\"120\"\n                    height=\"90\"\n                    style=\"max-width:100%;\"\n                \/>\n            <\/a>\n        <\/div>\n\t\t\t\t\t\t\t<\/div> \n\t\t\t\n                            \n\t\t\t\t<div id=\"ngg-image-11\" class=\"ngg-gallery-thumbnail-box\" >\n\t\t\t\t        <div class=\"ngg-gallery-thumbnail\">\n            <a href=\"https:\/\/www.ynox.pl\/wp-content\/gallery\/wesola\/DSC_9332.jpg\"\n               title=\"www.ynox.pl\"\n               data-src=\"https:\/\/www.ynox.pl\/wp-content\/gallery\/wesola\/DSC_9332.jpg\"\n               data-thumbnail=\"https:\/\/www.ynox.pl\/wp-content\/gallery\/wesola\/thumbs\/thumbs_DSC_9332.jpg\"\n               data-image-id=\"201\"\n               data-title=\"DSC_9332\"\n               data-description=\"www.ynox.pl\"\n               data-image-slug=\"dsc_9332\"\n               class='use_imagebrowser_effect' data-imagebrowser-url='https:\/\/www.ynox.pl\/index.php\/nggallery\/image\/%STUB%?page_id=715'>\n                <img\n                    title=\"DSC_9332\"\n                    alt=\"DSC_9332\"\n                    src=\"https:\/\/www.ynox.pl\/wp-content\/gallery\/wesola\/thumbs\/thumbs_DSC_9332.jpg\"\n                    width=\"120\"\n                    height=\"90\"\n                    style=\"max-width:100%;\"\n                \/>\n            <\/a>\n        <\/div>\n\t\t\t\t\t\t\t<\/div> \n\t\t\t\n                            \n\t\t\t\t<div id=\"ngg-image-12\" class=\"ngg-gallery-thumbnail-box\" >\n\t\t\t\t        <div class=\"ngg-gallery-thumbnail\">\n            <a href=\"https:\/\/www.ynox.pl\/wp-content\/gallery\/wesola\/DSC_9439.jpg\"\n               title=\"www.ynox.pl\"\n               data-src=\"https:\/\/www.ynox.pl\/wp-content\/gallery\/wesola\/DSC_9439.jpg\"\n               data-thumbnail=\"https:\/\/www.ynox.pl\/wp-content\/gallery\/wesola\/thumbs\/thumbs_DSC_9439.jpg\"\n               data-image-id=\"210\"\n               data-title=\"DSC_9439\"\n               data-description=\"www.ynox.pl\"\n               data-image-slug=\"dsc_9439\"\n               class='use_imagebrowser_effect' data-imagebrowser-url='https:\/\/www.ynox.pl\/index.php\/nggallery\/image\/%STUB%?page_id=715'>\n                <img\n                    title=\"DSC_9439\"\n                    alt=\"DSC_9439\"\n                    src=\"https:\/\/www.ynox.pl\/wp-content\/gallery\/wesola\/thumbs\/thumbs_DSC_9439.jpg\"\n                    width=\"120\"\n                    height=\"90\"\n                    style=\"max-width:100%;\"\n                \/>\n            <\/a>\n        <\/div>\n\t\t\t\t\t\t\t<\/div> \n\t\t\t\n                            \n\t\t\t\t<div id=\"ngg-image-13\" class=\"ngg-gallery-thumbnail-box\" >\n\t\t\t\t        <div class=\"ngg-gallery-thumbnail\">\n            <a href=\"https:\/\/www.ynox.pl\/wp-content\/gallery\/wesola\/DSC_9358.jpg\"\n               title=\"www.ynox.pl\"\n               data-src=\"https:\/\/www.ynox.pl\/wp-content\/gallery\/wesola\/DSC_9358.jpg\"\n               data-thumbnail=\"https:\/\/www.ynox.pl\/wp-content\/gallery\/wesola\/thumbs\/thumbs_DSC_9358.jpg\"\n               data-image-id=\"202\"\n               data-title=\"DSC_9358\"\n               data-description=\"www.ynox.pl\"\n               data-image-slug=\"dsc_9358\"\n               class='use_imagebrowser_effect' data-imagebrowser-url='https:\/\/www.ynox.pl\/index.php\/nggallery\/image\/%STUB%?page_id=715'>\n                <img\n                    title=\"DSC_9358\"\n                    alt=\"DSC_9358\"\n                    src=\"https:\/\/www.ynox.pl\/wp-content\/gallery\/wesola\/thumbs\/thumbs_DSC_9358.jpg\"\n                    width=\"120\"\n                    height=\"90\"\n                    style=\"max-width:100%;\"\n                \/>\n            <\/a>\n        <\/div>\n\t\t\t\t\t\t\t<\/div> \n\t\t\t\n                            \n\t\t\t\t<div id=\"ngg-image-14\" class=\"ngg-gallery-thumbnail-box\" >\n\t\t\t\t        <div class=\"ngg-gallery-thumbnail\">\n            <a href=\"https:\/\/www.ynox.pl\/wp-content\/gallery\/wesola\/DSC_9380.jpg\"\n               title=\"www.ynox.pl\"\n               data-src=\"https:\/\/www.ynox.pl\/wp-content\/gallery\/wesola\/DSC_9380.jpg\"\n               data-thumbnail=\"https:\/\/www.ynox.pl\/wp-content\/gallery\/wesola\/thumbs\/thumbs_DSC_9380.jpg\"\n               data-image-id=\"203\"\n               data-title=\"DSC_9380\"\n               data-description=\"www.ynox.pl\"\n               data-image-slug=\"dsc_9380\"\n               class='use_imagebrowser_effect' data-imagebrowser-url='https:\/\/www.ynox.pl\/index.php\/nggallery\/image\/%STUB%?page_id=715'>\n                <img\n                    title=\"DSC_9380\"\n                    alt=\"DSC_9380\"\n                    src=\"https:\/\/www.ynox.pl\/wp-content\/gallery\/wesola\/thumbs\/thumbs_DSC_9380.jpg\"\n                    width=\"120\"\n                    height=\"90\"\n                    style=\"max-width:100%;\"\n                \/>\n            <\/a>\n        <\/div>\n\t\t\t\t\t\t\t<\/div> \n\t\t\t\n                                    <br style=\"clear: both\" \/>\n                    \n\t\t\t\t<div id=\"ngg-image-15\" class=\"ngg-gallery-thumbnail-box\" >\n\t\t\t\t        <div class=\"ngg-gallery-thumbnail\">\n            <a href=\"https:\/\/www.ynox.pl\/wp-content\/gallery\/wesola\/DSC_9417.jpg\"\n               title=\"www.ynox.pl\"\n               data-src=\"https:\/\/www.ynox.pl\/wp-content\/gallery\/wesola\/DSC_9417.jpg\"\n               data-thumbnail=\"https:\/\/www.ynox.pl\/wp-content\/gallery\/wesola\/thumbs\/thumbs_DSC_9417.jpg\"\n               data-image-id=\"206\"\n               data-title=\"DSC_9417\"\n               data-description=\"www.ynox.pl\"\n               data-image-slug=\"dsc_9417\"\n               class='use_imagebrowser_effect' data-imagebrowser-url='https:\/\/www.ynox.pl\/index.php\/nggallery\/image\/%STUB%?page_id=715'>\n                <img\n                    title=\"DSC_9417\"\n                    alt=\"DSC_9417\"\n                    src=\"https:\/\/www.ynox.pl\/wp-content\/gallery\/wesola\/thumbs\/thumbs_DSC_9417.jpg\"\n                    width=\"120\"\n                    height=\"90\"\n                    style=\"max-width:100%;\"\n                \/>\n            <\/a>\n        <\/div>\n\t\t\t\t\t\t\t<\/div> \n\t\t\t\n                            \n\t\t\n\t\t<!-- Pagination -->\n\t<div class='ngg-clear'><\/div>\t<\/div>\n<\/span>\n<\/p>\n<p>\n\t&nbsp;\n<\/p>\n<p>\n\t&nbsp;<\/p>\n","protected":false},"excerpt":{"rendered":"<p>Dom w Weso\u0142ej 60 m2. Aran\u017cacja pe\u0142na. Ania i S\u0142awek. Ona &#8211; lubi\u0105ca to co \u0142adne i wyszukane ale&nbsp;z rozs\u0105dkiem i umiarem podchodz\u0105ca do wydatk&oacute;w, on niepoprawny optymista z artystyczn\u0105 dusz\u0105 &#8211; wielbiciel gitary i The Beatles. Ogie\u0144 i woda, dwie skrajnie r&oacute;\u017cne dusze, jednak blisko siebie. Uda\u0142o si\u0119 uzyska\u0107 kompromis oczekiwa\u0144 obu stron. Niedu\u017cy&hellip;<\/p>\n","protected":false},"author":1,"featured_media":0,"parent":0,"menu_order":0,"comment_status":"closed","ping_status":"closed","template":"","meta":{"ngg_post_thumbnail":0},"_links":{"self":[{"href":"https:\/\/www.ynox.pl\/index.php?rest_route=\/wp\/v2\/pages\/715"}],"collection":[{"href":"https:\/\/www.ynox.pl\/index.php?rest_route=\/wp\/v2\/pages"}],"about":[{"href":"https:\/\/www.ynox.pl\/index.php?rest_route=\/wp\/v2\/types\/page"}],"author":[{"embeddable":true,"href":"https:\/\/www.ynox.pl\/index.php?rest_route=\/wp\/v2\/users\/1"}],"replies":[{"embeddable":true,"href":"https:\/\/www.ynox.pl\/index.php?rest_route=%2Fwp%2Fv2%2Fcomments&post=715"}],"version-history":[{"count":3,"href":"https:\/\/www.ynox.pl\/index.php?rest_route=\/wp\/v2\/pages\/715\/revisions"}],"predecessor-version":[{"id":754,"href":"https:\/\/www.ynox.pl\/index.php?rest_route=\/wp\/v2\/pages\/715\/revisions\/754"}],"wp:attachment":[{"href":"https:\/\/www.ynox.pl\/index.php?rest_route=%2Fwp%2Fv2%2Fmedia&parent=715"}],"curies":[{"name":"wp","href":"https:\/\/api.w.org\/{rel}","templated":true}]}}