{"id":75,"date":"2014-10-26T14:58:03","date_gmt":"2014-10-26T13:58:03","guid":{"rendered":"http:\/\/www.ynox.pl\/?page_id=75"},"modified":"2015-02-07T20:01:47","modified_gmt":"2015-02-07T19:01:47","slug":"mieszkanie-emilii-i-macka","status":"publish","type":"page","link":"https:\/\/www.ynox.pl\/?page_id=75","title":{"rendered":"APARTAMENT NA \u017bOLIBORZU"},"content":{"rendered":"<p style=\"text-align: justify;\">\n\tMieszkanie Emilii i Ma\u0107ka. Powierzchnia 65 m2. Aran\u017cacja koncepcyjna<br \/>\n\tMieszkanie po\u0142o\u017cone w pi\u0119knej okolicy Zielonego \u017boliborza. Nowoczesny i nowatorski projekt oparty na fundamencie odwa\u017cnych oczekiwa\u0144 w\u0142a\u015bcicieli. Cz\u0119\u015b\u0107 dzienna jest bardzo du\u017ca i jasna. Powsta\u0142a przez po\u0142\u0105czenie salonu z mniejszym pokojem oraz kuchni\u0105. Jasna pod\u0142oga z \u017cywicy epoksydowej w po\u0142ysku pot\u0119guje wra\u017cenie przestronno\u015bci. Refleksy \u015bwietlne tworz\u0105 si\u0119 poprzez odbicia \u015bwiate\u0142 nie tylko w pod\u0142odze ale i szybie w kuchni oraz meblach na wysoki po\u0142ysk. Mozaika w \u0142azience mieni si\u0119 bi\u017cuteryjnie. Wszechobecna biel kontrastuje z czerni\u0105 oraz szaro\u015bci\u0105. Pikanterii dodaj\u0105 dwa kolory: bursztynowo-z\u0142oty oraz amarantowy. Ten ostatni to wyb&oacute;r Pani domu. Chodzi\u0142o o rozweselenie wn\u0119trza i unikni\u0119cie dos\u0142owno\u015bci kolorystycznej. Pikowany szary fotel to prezent od wujka &ndash; tapicera. Dum\u0105 gospodarzy jest te\u017c pi\u0119kny, ogromny \u017cyrandol oraz st&oacute;\u0142. Mieszkanie, ze wzgl\u0119du na jako\u015b\u0107 wyko\u0144czenia oraz przestronno\u015b\u0107 mo\u017cna \u015bmia\u0142o nazwa\u0107 &#8211; apartamentem.\n<\/p>\n<p>\n\t<a href=\"http:\/\/www.ynox.pl\/Mieszkanie%20Emilii%20i%20Ma%C4%87ka\/\">GALERIA<\/a><\/p>\n","protected":false},"excerpt":{"rendered":"<p>Mieszkanie Emilii i Ma\u0107ka. Powierzchnia 65 m2. Aran\u017cacja koncepcyjna Mieszkanie po\u0142o\u017cone w pi\u0119knej okolicy Zielonego \u017boliborza. Nowoczesny i nowatorski projekt oparty na fundamencie odwa\u017cnych oczekiwa\u0144 w\u0142a\u015bcicieli. Cz\u0119\u015b\u0107 dzienna jest bardzo du\u017ca i jasna. Powsta\u0142a przez po\u0142\u0105czenie salonu z mniejszym pokojem oraz kuchni\u0105. Jasna pod\u0142oga z \u017cywicy epoksydowej w po\u0142ysku pot\u0119guje wra\u017cenie przestronno\u015bci. Refleksy \u015bwietlne tworz\u0105&hellip;<\/p>\n","protected":false},"author":1,"featured_media":0,"parent":8,"menu_order":0,"comment_status":"closed","ping_status":"closed","template":"","meta":{"ngg_post_thumbnail":0},"_links":{"self":[{"href":"https:\/\/www.ynox.pl\/index.php?rest_route=\/wp\/v2\/pages\/75"}],"collection":[{"href":"https:\/\/www.ynox.pl\/index.php?rest_route=\/wp\/v2\/pages"}],"about":[{"href":"https:\/\/www.ynox.pl\/index.php?rest_route=\/wp\/v2\/types\/page"}],"author":[{"embeddable":true,"href":"https:\/\/www.ynox.pl\/index.php?rest_route=\/wp\/v2\/users\/1"}],"replies":[{"embeddable":true,"href":"https:\/\/www.ynox.pl\/index.php?rest_route=%2Fwp%2Fv2%2Fcomments&post=75"}],"version-history":[{"count":4,"href":"https:\/\/www.ynox.pl\/index.php?rest_route=\/wp\/v2\/pages\/75\/revisions"}],"predecessor-version":[{"id":448,"href":"https:\/\/www.ynox.pl\/index.php?rest_route=\/wp\/v2\/pages\/75\/revisions\/448"}],"up":[{"embeddable":true,"href":"https:\/\/www.ynox.pl\/index.php?rest_route=\/wp\/v2\/pages\/8"}],"wp:attachment":[{"href":"https:\/\/www.ynox.pl\/index.php?rest_route=%2Fwp%2Fv2%2Fmedia&parent=75"}],"curies":[{"name":"wp","href":"https:\/\/api.w.org\/{rel}","templated":true}]}}