{"id":764,"date":"2015-05-10T14:50:22","date_gmt":"2015-05-10T12:50:22","guid":{"rendered":"http:\/\/www.ynox.pl\/?page_id=764"},"modified":"2015-05-10T19:54:42","modified_gmt":"2015-05-10T17:54:42","slug":"pokoje-julii-mikolaja-i-piotrka","status":"publish","type":"page","link":"https:\/\/www.ynox.pl\/?page_id=764","title":{"rendered":"POKOJE JULII MIKO\u0141AJA I PIOTRKA"},"content":{"rendered":"<p>\n\tDWA POKOJE DWOJGA LICEALIST&Oacute;W I STUDENTA &#8211; Projekt aran\u017cacji koncepcyjnej. 15m2 i 12m2.\n<\/p>\n<p>\n\tPok&oacute;j Julii licealistki &#8211; kobiecy, &nbsp;kolorowy, nowoczesny. Paryskiego szyku dodaje oryginalna tapeta i kolorowe poduszki. Bia\u0142a jednolita zabudowa w nowoczesnym designie mie\u015bci wszystkie niezb\u0119dne rzeczy m\u0142odej damy. Du\u017ce lustro optycznie powi\u0119ksza pok&oacute;j.\n<\/p>\n<p>\n\tPok&oacute;j licealisty Miko\u0142aja i studenta prawa &#8211; Piotrka. Typowo m\u0119ski rewir, minimalistyczna gama kolorystyczna, tapeta z&nbsp;motywem gazety &nbsp;nadaje intelektualnego looku. Czer\u0144 i szaro\u015b\u0107 graficznie podkre\u015blaj\u0105 nowoczesn\u0105 modu\u0142ow\u0105 zabudow\u0119 szaf.\n<\/p>\n<p>\n\t<span style=\"line-height: 20.7999992370605px;\"><!-- index.php -->\n<div\n\tclass=\"ngg-galleryoverview ngg-ajax-pagination-none\"\n\tid=\"ngg-gallery-ec48e9f2cfdaa017c61cb79521dc7cba-1\">\n\n    \t\t<!-- Thumbnails -->\n\t\t\t\t<div id=\"ngg-image-0\" class=\"ngg-gallery-thumbnail-box\" >\n\t\t\t\t        <div class=\"ngg-gallery-thumbnail\">\n            <a href=\"https:\/\/www.ynox.pl\/wp-content\/gallery\/bialoleka\/DSC_9480.jpg\"\n               title=\"www.ynox.pl\"\n               data-src=\"https:\/\/www.ynox.pl\/wp-content\/gallery\/bialoleka\/DSC_9480.jpg\"\n               data-thumbnail=\"https:\/\/www.ynox.pl\/wp-content\/gallery\/bialoleka\/thumbs\/thumbs_DSC_9480.jpg\"\n               data-image-id=\"211\"\n               data-title=\"DSC_9480\"\n               data-description=\"www.ynox.pl\"\n               data-image-slug=\"dsc_9480\"\n               class='use_imagebrowser_effect' data-imagebrowser-url='https:\/\/www.ynox.pl\/index.php\/nggallery\/image\/%STUB%?page_id=764'>\n                <img\n                    title=\"DSC_9480\"\n                    alt=\"DSC_9480\"\n                    src=\"https:\/\/www.ynox.pl\/wp-content\/gallery\/bialoleka\/thumbs\/thumbs_DSC_9480.jpg\"\n                    width=\"120\"\n                    height=\"90\"\n                    style=\"max-width:100%;\"\n                \/>\n            <\/a>\n        <\/div>\n\t\t\t\t\t\t\t<\/div> \n\t\t\t\n                            \n\t\t\t\t<div id=\"ngg-image-1\" class=\"ngg-gallery-thumbnail-box\" >\n\t\t\t\t        <div class=\"ngg-gallery-thumbnail\">\n            <a href=\"https:\/\/www.ynox.pl\/wp-content\/gallery\/bialoleka\/DSC_9483.jpg\"\n               title=\"www.ynox.pl\"\n               data-src=\"https:\/\/www.ynox.pl\/wp-content\/gallery\/bialoleka\/DSC_9483.jpg\"\n               data-thumbnail=\"https:\/\/www.ynox.pl\/wp-content\/gallery\/bialoleka\/thumbs\/thumbs_DSC_9483.jpg\"\n               data-image-id=\"212\"\n               data-title=\"DSC_9483\"\n               data-description=\"www.ynox.pl\"\n               data-image-slug=\"dsc_9483\"\n               class='use_imagebrowser_effect' data-imagebrowser-url='https:\/\/www.ynox.pl\/index.php\/nggallery\/image\/%STUB%?page_id=764'>\n                <img\n                    title=\"DSC_9483\"\n                    alt=\"DSC_9483\"\n                    src=\"https:\/\/www.ynox.pl\/wp-content\/gallery\/bialoleka\/thumbs\/thumbs_DSC_9483.jpg\"\n                    width=\"120\"\n                    height=\"90\"\n                    style=\"max-width:100%;\"\n                \/>\n            <\/a>\n        <\/div>\n\t\t\t\t\t\t\t<\/div> \n\t\t\t\n                            \n\t\t\t\t<div id=\"ngg-image-2\" class=\"ngg-gallery-thumbnail-box\" >\n\t\t\t\t        <div class=\"ngg-gallery-thumbnail\">\n            <a href=\"https:\/\/www.ynox.pl\/wp-content\/gallery\/bialoleka\/DSC_9499.jpg\"\n               title=\"www.ynox.pl\"\n               data-src=\"https:\/\/www.ynox.pl\/wp-content\/gallery\/bialoleka\/DSC_9499.jpg\"\n               data-thumbnail=\"https:\/\/www.ynox.pl\/wp-content\/gallery\/bialoleka\/thumbs\/thumbs_DSC_9499.jpg\"\n               data-image-id=\"216\"\n               data-title=\"DSC_9499\"\n               data-description=\"www.ynox.pl\"\n               data-image-slug=\"dsc_9499\"\n               class='use_imagebrowser_effect' data-imagebrowser-url='https:\/\/www.ynox.pl\/index.php\/nggallery\/image\/%STUB%?page_id=764'>\n                <img\n                    title=\"DSC_9499\"\n                    alt=\"DSC_9499\"\n                    src=\"https:\/\/www.ynox.pl\/wp-content\/gallery\/bialoleka\/thumbs\/thumbs_DSC_9499.jpg\"\n                    width=\"120\"\n                    height=\"90\"\n                    style=\"max-width:100%;\"\n                \/>\n            <\/a>\n        <\/div>\n\t\t\t\t\t\t\t<\/div> \n\t\t\t\n                            \n\t\t\t\t<div id=\"ngg-image-3\" class=\"ngg-gallery-thumbnail-box\" >\n\t\t\t\t        <div class=\"ngg-gallery-thumbnail\">\n            <a href=\"https:\/\/www.ynox.pl\/wp-content\/gallery\/bialoleka\/DSC_9486.jpg\"\n               title=\"www.ynox.pl\"\n               data-src=\"https:\/\/www.ynox.pl\/wp-content\/gallery\/bialoleka\/DSC_9486.jpg\"\n               data-thumbnail=\"https:\/\/www.ynox.pl\/wp-content\/gallery\/bialoleka\/thumbs\/thumbs_DSC_9486.jpg\"\n               data-image-id=\"213\"\n               data-title=\"DSC_9486\"\n               data-description=\"www.ynox.pl\"\n               data-image-slug=\"dsc_9486\"\n               class='use_imagebrowser_effect' data-imagebrowser-url='https:\/\/www.ynox.pl\/index.php\/nggallery\/image\/%STUB%?page_id=764'>\n                <img\n                    title=\"DSC_9486\"\n                    alt=\"DSC_9486\"\n                    src=\"https:\/\/www.ynox.pl\/wp-content\/gallery\/bialoleka\/thumbs\/thumbs_DSC_9486.jpg\"\n                    width=\"120\"\n                    height=\"90\"\n                    style=\"max-width:100%;\"\n                \/>\n            <\/a>\n        <\/div>\n\t\t\t\t\t\t\t<\/div> \n\t\t\t\n                            \n\t\t\t\t<div id=\"ngg-image-4\" class=\"ngg-gallery-thumbnail-box\" >\n\t\t\t\t        <div class=\"ngg-gallery-thumbnail\">\n            <a href=\"https:\/\/www.ynox.pl\/wp-content\/gallery\/bialoleka\/DSC_9490.jpg\"\n               title=\"www.ynox.pl\"\n               data-src=\"https:\/\/www.ynox.pl\/wp-content\/gallery\/bialoleka\/DSC_9490.jpg\"\n               data-thumbnail=\"https:\/\/www.ynox.pl\/wp-content\/gallery\/bialoleka\/thumbs\/thumbs_DSC_9490.jpg\"\n               data-image-id=\"214\"\n               data-title=\"DSC_9490\"\n               data-description=\"www.ynox.pl\"\n               data-image-slug=\"dsc_9490\"\n               class='use_imagebrowser_effect' data-imagebrowser-url='https:\/\/www.ynox.pl\/index.php\/nggallery\/image\/%STUB%?page_id=764'>\n                <img\n                    title=\"DSC_9490\"\n                    alt=\"DSC_9490\"\n                    src=\"https:\/\/www.ynox.pl\/wp-content\/gallery\/bialoleka\/thumbs\/thumbs_DSC_9490.jpg\"\n                    width=\"120\"\n                    height=\"90\"\n                    style=\"max-width:100%;\"\n                \/>\n            <\/a>\n        <\/div>\n\t\t\t\t\t\t\t<\/div> \n\t\t\t\n                                    <br style=\"clear: both\" \/>\n                    \n\t\t\t\t<div id=\"ngg-image-5\" class=\"ngg-gallery-thumbnail-box\" >\n\t\t\t\t        <div class=\"ngg-gallery-thumbnail\">\n            <a href=\"https:\/\/www.ynox.pl\/wp-content\/gallery\/bialoleka\/DSC_9493.jpg\"\n               title=\"www.ynox.pl\"\n               data-src=\"https:\/\/www.ynox.pl\/wp-content\/gallery\/bialoleka\/DSC_9493.jpg\"\n               data-thumbnail=\"https:\/\/www.ynox.pl\/wp-content\/gallery\/bialoleka\/thumbs\/thumbs_DSC_9493.jpg\"\n               data-image-id=\"215\"\n               data-title=\"DSC_9493\"\n               data-description=\"www.ynox.pl\"\n               data-image-slug=\"dsc_9493\"\n               class='use_imagebrowser_effect' data-imagebrowser-url='https:\/\/www.ynox.pl\/index.php\/nggallery\/image\/%STUB%?page_id=764'>\n                <img\n                    title=\"DSC_9493\"\n                    alt=\"DSC_9493\"\n                    src=\"https:\/\/www.ynox.pl\/wp-content\/gallery\/bialoleka\/thumbs\/thumbs_DSC_9493.jpg\"\n                    width=\"120\"\n                    height=\"90\"\n                    style=\"max-width:100%;\"\n                \/>\n            <\/a>\n        <\/div>\n\t\t\t\t\t\t\t<\/div> \n\t\t\t\n                            \n\t\t\t\t<div id=\"ngg-image-6\" class=\"ngg-gallery-thumbnail-box\" >\n\t\t\t\t        <div class=\"ngg-gallery-thumbnail\">\n            <a href=\"https:\/\/www.ynox.pl\/wp-content\/gallery\/bialoleka\/DSC_9501.jpg\"\n               title=\"www.ynox.pl\"\n               data-src=\"https:\/\/www.ynox.pl\/wp-content\/gallery\/bialoleka\/DSC_9501.jpg\"\n               data-thumbnail=\"https:\/\/www.ynox.pl\/wp-content\/gallery\/bialoleka\/thumbs\/thumbs_DSC_9501.jpg\"\n               data-image-id=\"217\"\n               data-title=\"DSC_9501\"\n               data-description=\"www.ynox.pl\"\n               data-image-slug=\"dsc_9501\"\n               class='use_imagebrowser_effect' data-imagebrowser-url='https:\/\/www.ynox.pl\/index.php\/nggallery\/image\/%STUB%?page_id=764'>\n                <img\n                    title=\"DSC_9501\"\n                    alt=\"DSC_9501\"\n                    src=\"https:\/\/www.ynox.pl\/wp-content\/gallery\/bialoleka\/thumbs\/thumbs_DSC_9501.jpg\"\n                    width=\"120\"\n                    height=\"90\"\n                    style=\"max-width:100%;\"\n                \/>\n            <\/a>\n        <\/div>\n\t\t\t\t\t\t\t<\/div> \n\t\t\t\n                            \n\t\t\t\t<div id=\"ngg-image-7\" class=\"ngg-gallery-thumbnail-box\" >\n\t\t\t\t        <div class=\"ngg-gallery-thumbnail\">\n            <a href=\"https:\/\/www.ynox.pl\/wp-content\/gallery\/bialoleka\/DSC_9514.jpg\"\n               title=\"www.ynox.pl\"\n               data-src=\"https:\/\/www.ynox.pl\/wp-content\/gallery\/bialoleka\/DSC_9514.jpg\"\n               data-thumbnail=\"https:\/\/www.ynox.pl\/wp-content\/gallery\/bialoleka\/thumbs\/thumbs_DSC_9514.jpg\"\n               data-image-id=\"218\"\n               data-title=\"DSC_9514\"\n               data-description=\"www.ynox.pl\"\n               data-image-slug=\"dsc_9514\"\n               class='use_imagebrowser_effect' data-imagebrowser-url='https:\/\/www.ynox.pl\/index.php\/nggallery\/image\/%STUB%?page_id=764'>\n                <img\n                    title=\"DSC_9514\"\n                    alt=\"DSC_9514\"\n                    src=\"https:\/\/www.ynox.pl\/wp-content\/gallery\/bialoleka\/thumbs\/thumbs_DSC_9514.jpg\"\n                    width=\"120\"\n                    height=\"90\"\n                    style=\"max-width:100%;\"\n                \/>\n            <\/a>\n        <\/div>\n\t\t\t\t\t\t\t<\/div> \n\t\t\t\n                            \n\t\t\t\t<div id=\"ngg-image-8\" class=\"ngg-gallery-thumbnail-box\" >\n\t\t\t\t        <div class=\"ngg-gallery-thumbnail\">\n            <a href=\"https:\/\/www.ynox.pl\/wp-content\/gallery\/bialoleka\/DSC_9527.jpg\"\n               title=\"www.ynox.pl\"\n               data-src=\"https:\/\/www.ynox.pl\/wp-content\/gallery\/bialoleka\/DSC_9527.jpg\"\n               data-thumbnail=\"https:\/\/www.ynox.pl\/wp-content\/gallery\/bialoleka\/thumbs\/thumbs_DSC_9527.jpg\"\n               data-image-id=\"221\"\n               data-title=\"DSC_9527\"\n               data-description=\"www.ynox.pl\"\n               data-image-slug=\"dsc_9527\"\n               class='use_imagebrowser_effect' data-imagebrowser-url='https:\/\/www.ynox.pl\/index.php\/nggallery\/image\/%STUB%?page_id=764'>\n                <img\n                    title=\"DSC_9527\"\n                    alt=\"DSC_9527\"\n                    src=\"https:\/\/www.ynox.pl\/wp-content\/gallery\/bialoleka\/thumbs\/thumbs_DSC_9527.jpg\"\n                    width=\"120\"\n                    height=\"90\"\n                    style=\"max-width:100%;\"\n                \/>\n            <\/a>\n        <\/div>\n\t\t\t\t\t\t\t<\/div> \n\t\t\t\n                            \n\t\t\t\t<div id=\"ngg-image-9\" class=\"ngg-gallery-thumbnail-box\" >\n\t\t\t\t        <div class=\"ngg-gallery-thumbnail\">\n            <a href=\"https:\/\/www.ynox.pl\/wp-content\/gallery\/bialoleka\/DSC_9524.jpg\"\n               title=\"www.ynox.pl\"\n               data-src=\"https:\/\/www.ynox.pl\/wp-content\/gallery\/bialoleka\/DSC_9524.jpg\"\n               data-thumbnail=\"https:\/\/www.ynox.pl\/wp-content\/gallery\/bialoleka\/thumbs\/thumbs_DSC_9524.jpg\"\n               data-image-id=\"219\"\n               data-title=\"DSC_9524\"\n               data-description=\"www.ynox.pl\"\n               data-image-slug=\"dsc_9524\"\n               class='use_imagebrowser_effect' data-imagebrowser-url='https:\/\/www.ynox.pl\/index.php\/nggallery\/image\/%STUB%?page_id=764'>\n                <img\n                    title=\"DSC_9524\"\n                    alt=\"DSC_9524\"\n                    src=\"https:\/\/www.ynox.pl\/wp-content\/gallery\/bialoleka\/thumbs\/thumbs_DSC_9524.jpg\"\n                    width=\"120\"\n                    height=\"90\"\n                    style=\"max-width:100%;\"\n                \/>\n            <\/a>\n        <\/div>\n\t\t\t\t\t\t\t<\/div> \n\t\t\t\n                                    <br style=\"clear: both\" \/>\n                    \n\t\t\t\t<div id=\"ngg-image-10\" class=\"ngg-gallery-thumbnail-box\" >\n\t\t\t\t        <div class=\"ngg-gallery-thumbnail\">\n            <a href=\"https:\/\/www.ynox.pl\/wp-content\/gallery\/bialoleka\/DSC_9531.jpg\"\n               title=\"www.ynox.pl\"\n               data-src=\"https:\/\/www.ynox.pl\/wp-content\/gallery\/bialoleka\/DSC_9531.jpg\"\n               data-thumbnail=\"https:\/\/www.ynox.pl\/wp-content\/gallery\/bialoleka\/thumbs\/thumbs_DSC_9531.jpg\"\n               data-image-id=\"222\"\n               data-title=\"DSC_9531\"\n               data-description=\"www.ynox.pl\"\n               data-image-slug=\"dsc_9531\"\n               class='use_imagebrowser_effect' data-imagebrowser-url='https:\/\/www.ynox.pl\/index.php\/nggallery\/image\/%STUB%?page_id=764'>\n                <img\n                    title=\"DSC_9531\"\n                    alt=\"DSC_9531\"\n                    src=\"https:\/\/www.ynox.pl\/wp-content\/gallery\/bialoleka\/thumbs\/thumbs_DSC_9531.jpg\"\n                    width=\"120\"\n                    height=\"90\"\n                    style=\"max-width:100%;\"\n                \/>\n            <\/a>\n        <\/div>\n\t\t\t\t\t\t\t<\/div> \n\t\t\t\n                            \n\t\t\t\t<div id=\"ngg-image-11\" class=\"ngg-gallery-thumbnail-box\" >\n\t\t\t\t        <div class=\"ngg-gallery-thumbnail\">\n            <a href=\"https:\/\/www.ynox.pl\/wp-content\/gallery\/bialoleka\/DSC_9526.jpg\"\n               title=\"www.ynox.pl\"\n               data-src=\"https:\/\/www.ynox.pl\/wp-content\/gallery\/bialoleka\/DSC_9526.jpg\"\n               data-thumbnail=\"https:\/\/www.ynox.pl\/wp-content\/gallery\/bialoleka\/thumbs\/thumbs_DSC_9526.jpg\"\n               data-image-id=\"220\"\n               data-title=\"DSC_9526\"\n               data-description=\"www.ynox.pl\"\n               data-image-slug=\"dsc_9526\"\n               class='use_imagebrowser_effect' data-imagebrowser-url='https:\/\/www.ynox.pl\/index.php\/nggallery\/image\/%STUB%?page_id=764'>\n                <img\n                    title=\"DSC_9526\"\n                    alt=\"DSC_9526\"\n                    src=\"https:\/\/www.ynox.pl\/wp-content\/gallery\/bialoleka\/thumbs\/thumbs_DSC_9526.jpg\"\n                    width=\"120\"\n                    height=\"90\"\n                    style=\"max-width:100%;\"\n                \/>\n            <\/a>\n        <\/div>\n\t\t\t\t\t\t\t<\/div> \n\t\t\t\n                            \n\t\t\n\t\t<!-- Pagination -->\n\t<div class='ngg-clear'><\/div>\t<\/div>\n<\/span>\n<\/p>\n<p>\n\t&nbsp;<\/p>\n","protected":false},"excerpt":{"rendered":"<p>DWA POKOJE DWOJGA LICEALIST&Oacute;W I STUDENTA &#8211; Projekt aran\u017cacji koncepcyjnej. 15m2 i 12m2. Pok&oacute;j Julii licealistki &#8211; kobiecy, &nbsp;kolorowy, nowoczesny. Paryskiego szyku dodaje oryginalna tapeta i kolorowe poduszki. Bia\u0142a jednolita zabudowa w nowoczesnym designie mie\u015bci wszystkie niezb\u0119dne rzeczy m\u0142odej damy. Du\u017ce lustro optycznie powi\u0119ksza pok&oacute;j. Pok&oacute;j licealisty Miko\u0142aja i studenta prawa &#8211; Piotrka. Typowo m\u0119ski&hellip;<\/p>\n","protected":false},"author":1,"featured_media":0,"parent":0,"menu_order":0,"comment_status":"closed","ping_status":"closed","template":"","meta":{"ngg_post_thumbnail":0},"_links":{"self":[{"href":"https:\/\/www.ynox.pl\/index.php?rest_route=\/wp\/v2\/pages\/764"}],"collection":[{"href":"https:\/\/www.ynox.pl\/index.php?rest_route=\/wp\/v2\/pages"}],"about":[{"href":"https:\/\/www.ynox.pl\/index.php?rest_route=\/wp\/v2\/types\/page"}],"author":[{"embeddable":true,"href":"https:\/\/www.ynox.pl\/index.php?rest_route=\/wp\/v2\/users\/1"}],"replies":[{"embeddable":true,"href":"https:\/\/www.ynox.pl\/index.php?rest_route=%2Fwp%2Fv2%2Fcomments&post=764"}],"version-history":[{"count":4,"href":"https:\/\/www.ynox.pl\/index.php?rest_route=\/wp\/v2\/pages\/764\/revisions"}],"predecessor-version":[{"id":800,"href":"https:\/\/www.ynox.pl\/index.php?rest_route=\/wp\/v2\/pages\/764\/revisions\/800"}],"wp:attachment":[{"href":"https:\/\/www.ynox.pl\/index.php?rest_route=%2Fwp%2Fv2%2Fmedia&parent=764"}],"curies":[{"name":"wp","href":"https:\/\/api.w.org\/{rel}","templated":true}]}}