{"id":77,"date":"2014-10-26T14:58:30","date_gmt":"2014-10-26T13:58:30","guid":{"rendered":"http:\/\/www.ynox.pl\/?page_id=77"},"modified":"2015-02-07T20:02:04","modified_gmt":"2015-02-07T19:02:04","slug":"mieszkanie-kasi-i-michala","status":"publish","type":"page","link":"https:\/\/www.ynox.pl\/?page_id=77","title":{"rendered":"MIESZKANIE W SULEJ\u00d3WKU"},"content":{"rendered":"<p style=\"text-align: justify;\">\n\tMieszkanie Kasi i Micha\u0142a w Sulej&oacute;wku. Powierzchnia 59 m2. Aran\u017cacja pe\u0142na.<br \/>\n\tM\u0142oda para pragn\u0119\u0142a zamieszka\u0107 we w\u0142asnym mieszkaniu. Wydzielono je z cz\u0119\u015b\u0107 jednorodzinnego domu. W ten spos&oacute;b uzyskano spory salon z jadalni\u0105, sypialni\u0119 oraz \u0142azienk\u0119 z kuchni\u0105 i przedpokojem. Aran\u017cacji wymaga\u0142o ca\u0142e mieszkanie, bud\u017cet pozostawia\u0142 jednak troch\u0119 do \u017cyczenia. Up&oacute;r i determinacja zar&oacute;wno samych w\u0142a\u015bcicieli jak i projektantki przynios\u0142y jednak bardzo ciekawy i zaskakuj\u0105cy efekt. Jest tak, jak powinno by\u0107 w nowoczesnym mieszkaniu m\u0142odych ludzi. Kuchnia jest jasna i bardzo przestronna. Mie\u015bci w sobie wszystkie niezb\u0119dne gospodarzom sprz\u0119ty. \u0141azienka nawi\u0105zuje kolorystyk\u0105 do kuchni, gdy\u017c jest w jej bliskim s\u0105siedztwie. Spektakularne wra\u017cenie robi ogromny prysznic, nawi\u0105zuj\u0105cy do rozwi\u0105za\u0144 SPA. Salon prze\u0142amano odcieniem koloru granatowego. Sypialnia natomiast jest kolorowa, energetyzuj\u0105ca a jednocze\u015bnie przytulna i bardzo kobieca. Pomimo, \u017ce kobieca, gospodarz domu r&oacute;wnie\u017c czuje si\u0119 w niej bardzo komfortowo. Bo to w\u0142a\u015bnie sypialnia ma rozpala\u0107 zmys\u0142y, wyzwala\u0107 uczucia i jest jednym z wa\u017cniejszych miejsc w domu.\n<\/p>\n<p>\n\t<a href=\"http:\/\/www.ynox.pl\/Mieszkanie%20Kasi%20i%20Micha%C5%82a\/\">GALERIA<\/a><\/p>\n","protected":false},"excerpt":{"rendered":"<p>Mieszkanie Kasi i Micha\u0142a w Sulej&oacute;wku. Powierzchnia 59 m2. Aran\u017cacja pe\u0142na. M\u0142oda para pragn\u0119\u0142a zamieszka\u0107 we w\u0142asnym mieszkaniu. Wydzielono je z cz\u0119\u015b\u0107 jednorodzinnego domu. W ten spos&oacute;b uzyskano spory salon z jadalni\u0105, sypialni\u0119 oraz \u0142azienk\u0119 z kuchni\u0105 i przedpokojem. Aran\u017cacji wymaga\u0142o ca\u0142e mieszkanie, bud\u017cet pozostawia\u0142 jednak troch\u0119 do \u017cyczenia. Up&oacute;r i determinacja zar&oacute;wno samych w\u0142a\u015bcicieli&hellip;<\/p>\n","protected":false},"author":1,"featured_media":0,"parent":8,"menu_order":0,"comment_status":"closed","ping_status":"closed","template":"","meta":{"ngg_post_thumbnail":0},"_links":{"self":[{"href":"https:\/\/www.ynox.pl\/index.php?rest_route=\/wp\/v2\/pages\/77"}],"collection":[{"href":"https:\/\/www.ynox.pl\/index.php?rest_route=\/wp\/v2\/pages"}],"about":[{"href":"https:\/\/www.ynox.pl\/index.php?rest_route=\/wp\/v2\/types\/page"}],"author":[{"embeddable":true,"href":"https:\/\/www.ynox.pl\/index.php?rest_route=\/wp\/v2\/users\/1"}],"replies":[{"embeddable":true,"href":"https:\/\/www.ynox.pl\/index.php?rest_route=%2Fwp%2Fv2%2Fcomments&post=77"}],"version-history":[{"count":4,"href":"https:\/\/www.ynox.pl\/index.php?rest_route=\/wp\/v2\/pages\/77\/revisions"}],"predecessor-version":[{"id":449,"href":"https:\/\/www.ynox.pl\/index.php?rest_route=\/wp\/v2\/pages\/77\/revisions\/449"}],"up":[{"embeddable":true,"href":"https:\/\/www.ynox.pl\/index.php?rest_route=\/wp\/v2\/pages\/8"}],"wp:attachment":[{"href":"https:\/\/www.ynox.pl\/index.php?rest_route=%2Fwp%2Fv2%2Fmedia&parent=77"}],"curies":[{"name":"wp","href":"https:\/\/api.w.org\/{rel}","templated":true}]}}