{"id":79,"date":"2014-10-26T14:59:31","date_gmt":"2014-10-26T13:59:31","guid":{"rendered":"http:\/\/www.ynox.pl\/?page_id=79"},"modified":"2015-02-07T20:02:22","modified_gmt":"2015-02-07T19:02:22","slug":"mieszkanie-marty-i-jacka","status":"publish","type":"page","link":"https:\/\/www.ynox.pl\/?page_id=79","title":{"rendered":"MIESZKANIE NA BEMOWIE"},"content":{"rendered":"<p style=\"text-align: justify;\">\n\tMieszkanie Marty i Jacka w Warszawie. Powierzchnia 96 m2. Aran\u017cacja koncepcyjna.<br \/>\n\tNowe, przestronne mieszkanie developerskie. Pe\u0142nego wyko\u0144czenia wymaga\u0142a: sypialnia gospodarzy, pok&oacute;j m\u0142odszego syna &ndash; 6-cio letniego Oskara i starszego syna Mateusza. Dobrano meble oraz pe\u0142n\u0105 kolorystyk\u0119 poszczeg&oacute;lnych pomieszcze\u0144 maj\u0105c na uwadze potrzeby i gust u\u017cytkownik&oacute;w. Zmian dekoratorskich dokonano r&oacute;wnie\u017c w kuchni oraz w salonie i przedpokoju.\n<\/p>\n<p>\n\t<a href=\"http:\/\/www.ynox.pl\/Mieszkanie%20Marty%20i%20Jacka\/#\">GALERIA<\/a><\/p>\n","protected":false},"excerpt":{"rendered":"<p>Mieszkanie Marty i Jacka w Warszawie. Powierzchnia 96 m2. Aran\u017cacja koncepcyjna. Nowe, przestronne mieszkanie developerskie. Pe\u0142nego wyko\u0144czenia wymaga\u0142a: sypialnia gospodarzy, pok&oacute;j m\u0142odszego syna &ndash; 6-cio letniego Oskara i starszego syna Mateusza. Dobrano meble oraz pe\u0142n\u0105 kolorystyk\u0119 poszczeg&oacute;lnych pomieszcze\u0144 maj\u0105c na uwadze potrzeby i gust u\u017cytkownik&oacute;w. Zmian dekoratorskich dokonano r&oacute;wnie\u017c w kuchni oraz w salonie i&hellip;<\/p>\n","protected":false},"author":1,"featured_media":0,"parent":8,"menu_order":0,"comment_status":"closed","ping_status":"closed","template":"","meta":{"ngg_post_thumbnail":0},"_links":{"self":[{"href":"https:\/\/www.ynox.pl\/index.php?rest_route=\/wp\/v2\/pages\/79"}],"collection":[{"href":"https:\/\/www.ynox.pl\/index.php?rest_route=\/wp\/v2\/pages"}],"about":[{"href":"https:\/\/www.ynox.pl\/index.php?rest_route=\/wp\/v2\/types\/page"}],"author":[{"embeddable":true,"href":"https:\/\/www.ynox.pl\/index.php?rest_route=\/wp\/v2\/users\/1"}],"replies":[{"embeddable":true,"href":"https:\/\/www.ynox.pl\/index.php?rest_route=%2Fwp%2Fv2%2Fcomments&post=79"}],"version-history":[{"count":5,"href":"https:\/\/www.ynox.pl\/index.php?rest_route=\/wp\/v2\/pages\/79\/revisions"}],"predecessor-version":[{"id":450,"href":"https:\/\/www.ynox.pl\/index.php?rest_route=\/wp\/v2\/pages\/79\/revisions\/450"}],"up":[{"embeddable":true,"href":"https:\/\/www.ynox.pl\/index.php?rest_route=\/wp\/v2\/pages\/8"}],"wp:attachment":[{"href":"https:\/\/www.ynox.pl\/index.php?rest_route=%2Fwp%2Fv2%2Fmedia&parent=79"}],"curies":[{"name":"wp","href":"https:\/\/api.w.org\/{rel}","templated":true}]}}