{"id":8,"date":"2014-10-25T15:55:06","date_gmt":"2014-10-25T13:55:06","guid":{"rendered":"http:\/\/www.ynox.pl\/?page_id=8"},"modified":"2015-07-20T15:19:01","modified_gmt":"2015-07-20T13:19:01","slug":"portfolio","status":"publish","type":"page","link":"https:\/\/www.ynox.pl\/?page_id=8","title":{"rendered":"PORTFOLIO"},"content":{"rendered":"<p>\n\t<a href=\"http:\/\/www.ynox.pl\/?page_id=764\">POK&Oacute;J JULII MIKO\u0141AJA I PIOTRKA<\/a>\n<\/p>\n<p>\n\t<a href=\"http:\/\/www.ynox.pl\/?page_id=715\">DOM W WESO\u0141EJ<\/a>\n<\/p>\n<p>\n\t<a href=\"http:\/\/www.ynox.pl\/?page_id=695\">POK&Oacute;J GABRIELI&nbsp;<\/a>\n<\/p>\n<p>\n\t<a href=\"http:\/\/www.ynox.pl\/?page_id=595\">APARTAMENT NA SASKIEJ K\u0118PIE<\/a>\n<\/p>\n<p>\n\t<a href=\"http:\/\/www.ynox.pl\/?page_id=478\">POK&Oacute;J VICTORII<\/a>\n<\/p>\n<p>\n\t<a href=\"http:\/\/www.ynox.pl\/?page_id=81\" style=\"line-height: 20.7999992370605px;\" title=\"MIESZKANIE RENATY\">MIESZKANIE N<\/a><a href=\"http:\/\/www.ynox.pl\/?page_id=81\">A BIA\u0141O\u0141\u0118CE<\/a>\n<\/p>\n<p>\n\t<a href=\"http:\/\/www.ynox.pl\/?page_id=102\" title=\"DOM MONIKI I WOJTKA\">DOM W<\/a><a href=\"http:\/\/www.ynox.pl\/?page_id=102\">&nbsp;OTWOCKU<\/a>\n<\/p>\n<p>\n\t<a href=\"http:\/\/www.ynox.pl\/?page_id=65\" title=\"DOM GRA\u017bYNY I JURKA\">DOM W<\/a><a href=\"http:\/\/www.ynox.pl\/?page_id=65\">&nbsp;J&Oacute;ZEFOWIE<\/a>\n<\/p>\n<p>\n\t<a href=\"http:\/\/www.ynox.pl\/?page_id=67\" title=\"DOM OLI I PIOTRA\">DOM N<\/a><a href=\"http:\/\/www.ynox.pl\/?page_id=67\">A MOKOTOWIE<\/a>\n<\/p>\n<p>\n\t<a href=\"http:\/\/www.ynox.pl\/?page_id=69\" title=\"MIESZKANIE AGNIESZKI I PAW\u0141A\">MIESZKANIE W<\/a><a href=\"http:\/\/www.ynox.pl\/?page_id=69\">&nbsp;WESO\u0141EJ<\/a>\n<\/p>\n<p>\n\t<a href=\"http:\/\/www.ynox.pl\/?page_id=71\" title=\"MIESZKANIE ANI I JARKA\">MIESZKANIE W<\/a><a href=\"http:\/\/www.ynox.pl\/?page_id=71\">&nbsp;PIASECZNIE<\/a>\n<\/p>\n<p>\n\t<a href=\"http:\/\/www.ynox.pl\/?page_id=73\" title=\"MIESZKANIE ANI I JARKA 2\">MIESZKANIE W<\/a><a href=\"http:\/\/www.ynox.pl\/?page_id=73\">&nbsp;URSUSIE<\/a>\n<\/p>\n<p>\n\t<a href=\"http:\/\/www.ynox.pl\/?page_id=75\" title=\"MIESZKANIE EMILII I MA\u0106KA\">A<\/a><a href=\"http:\/\/www.ynox.pl\/?page_id=75\">PARTAMENT NA \u017bOLIBORZU<\/a>\n<\/p>\n<p>\n\t<a href=\"http:\/\/www.ynox.pl\/?page_id=77\">MIESZKANIE W SULEJ&Oacute;WKU<\/a>\n<\/p>\n<p>\n\t<a href=\"http:\/\/www.ynox.pl\/?page_id=79\" title=\"MIESZKANIE MARTY I JACKA\">MIESZKANIE<\/a><a href=\"http:\/\/www.ynox.pl\/?page_id=79\">&nbsp;NA BEMOWIE<\/a>\n<\/p>\n<p>\n\t<a href=\"http:\/\/www.ynox.pl\/?page_id=83\" title=\"MIESZKANIE STUDENTA\">MIESZKANIE W<\/a><a href=\"http:\/\/www.ynox.pl\/?page_id=83\">E W\u0141OCHACH<\/a>\n<\/p>\n<p>\n\t&nbsp;<\/p>\n","protected":false},"excerpt":{"rendered":"<p>POK&Oacute;J JULII MIKO\u0141AJA I PIOTRKA DOM W WESO\u0141EJ POK&Oacute;J GABRIELI&nbsp; APARTAMENT NA SASKIEJ K\u0118PIE POK&Oacute;J VICTORII MIESZKANIE NA BIA\u0141O\u0141\u0118CE DOM W&nbsp;OTWOCKU DOM W&nbsp;J&Oacute;ZEFOWIE DOM NA MOKOTOWIE MIESZKANIE W&nbsp;WESO\u0141EJ MIESZKANIE W&nbsp;PIASECZNIE MIESZKANIE W&nbsp;URSUSIE APARTAMENT NA \u017bOLIBORZU MIESZKANIE W SULEJ&Oacute;WKU MIESZKANIE&nbsp;NA BEMOWIE MIESZKANIE WE W\u0141OCHACH &nbsp;<\/p>\n","protected":false},"author":1,"featured_media":0,"parent":0,"menu_order":0,"comment_status":"closed","ping_status":"closed","template":"","meta":{"ngg_post_thumbnail":0},"_links":{"self":[{"href":"https:\/\/www.ynox.pl\/index.php?rest_route=\/wp\/v2\/pages\/8"}],"collection":[{"href":"https:\/\/www.ynox.pl\/index.php?rest_route=\/wp\/v2\/pages"}],"about":[{"href":"https:\/\/www.ynox.pl\/index.php?rest_route=\/wp\/v2\/types\/page"}],"author":[{"embeddable":true,"href":"https:\/\/www.ynox.pl\/index.php?rest_route=\/wp\/v2\/users\/1"}],"replies":[{"embeddable":true,"href":"https:\/\/www.ynox.pl\/index.php?rest_route=%2Fwp%2Fv2%2Fcomments&post=8"}],"version-history":[{"count":32,"href":"https:\/\/www.ynox.pl\/index.php?rest_route=\/wp\/v2\/pages\/8\/revisions"}],"predecessor-version":[{"id":843,"href":"https:\/\/www.ynox.pl\/index.php?rest_route=\/wp\/v2\/pages\/8\/revisions\/843"}],"wp:attachment":[{"href":"https:\/\/www.ynox.pl\/index.php?rest_route=%2Fwp%2Fv2%2Fmedia&parent=8"}],"curies":[{"name":"wp","href":"https:\/\/api.w.org\/{rel}","templated":true}]}}