{"id":81,"date":"2014-10-26T15:00:06","date_gmt":"2014-10-26T14:00:06","guid":{"rendered":"http:\/\/www.ynox.pl\/?page_id=81"},"modified":"2015-02-07T20:02:44","modified_gmt":"2015-02-07T19:02:44","slug":"mieszkanie-renaty","status":"publish","type":"page","link":"https:\/\/www.ynox.pl\/?page_id=81","title":{"rendered":"MIESZKANIE NA BIA\u0141O\u0141\u0118CE"},"content":{"rendered":"<p style=\"text-align: justify;\">\n\tMieszkanie Renaty na Br&oacute;dnie. Powierzchnia 39 m2 . Aran\u017cacja pe\u0142na.<br \/>\n\tMieszkanie po\u0142o\u017cone na kameralnym, nowo wybudowanym, osiedlu wymaga\u0142o przede wszystkim przemy\u015blanego uk\u0142adu funkcjonalnego. Szczeg&oacute;lny nacisk po\u0142o\u017cono jednak na znalezienie w\u0142a\u015bciwego klucza kolorystycznego. Nie by\u0142o to \u0142atwe, gdy\u017c mia\u0142o by\u0107 kobieco ale nie &bdquo;cukierkowo&rdquo;, ciep\u0142o ale zdecydowanie nowocze\u015bnie, przytulnie ale z ograniczon\u0105 do minimum ilo\u015bci\u0105 dodatk&oacute;w czy dekoracji. Kolorystyka czystej bieli, szaro\u015bci, turkusu, b\u0142\u0119kitu po\u0142\u0105czona z jasnym odcieniem drewna i czyst\u0105 form\u0105 szk\u0142a by\u0142o bardzo trafnym wyborem. Mieszkanie przypomina &bdquo;kobiece puzderko&rdquo; pozbawione jednak bi\u017cuterii. Nie przyt\u0142acza, nie szokuje ale jednocze\u015bnie nie pozostawia oboj\u0119tnym. Czysta, pi\u0119kna, ponadczasowa forma, w kt&oacute;rej w\u0142a\u015bcicielka czuje si\u0119 bardzo komfortowo. To naprawd\u0119 bardzo udany projekt.<br \/>\n\tRealizacja zosta\u0142a opisana w numerze 8\/2012 czasopisma &quot;Cztery K\u0105ty&quot;\n<\/p>\n<p>\n\t<a href=\"http:\/\/www.ynox.pl\/Mieszkanie%20Renaty.\/\">GALERIA<\/a><\/p>\n","protected":false},"excerpt":{"rendered":"<p>Mieszkanie Renaty na Br&oacute;dnie. Powierzchnia 39 m2 . Aran\u017cacja pe\u0142na. Mieszkanie po\u0142o\u017cone na kameralnym, nowo wybudowanym, osiedlu wymaga\u0142o przede wszystkim przemy\u015blanego uk\u0142adu funkcjonalnego. Szczeg&oacute;lny nacisk po\u0142o\u017cono jednak na znalezienie w\u0142a\u015bciwego klucza kolorystycznego. Nie by\u0142o to \u0142atwe, gdy\u017c mia\u0142o by\u0107 kobieco ale nie &bdquo;cukierkowo&rdquo;, ciep\u0142o ale zdecydowanie nowocze\u015bnie, przytulnie ale z ograniczon\u0105 do minimum ilo\u015bci\u0105 dodatk&oacute;w&hellip;<\/p>\n","protected":false},"author":1,"featured_media":0,"parent":8,"menu_order":0,"comment_status":"closed","ping_status":"closed","template":"","meta":{"ngg_post_thumbnail":0},"_links":{"self":[{"href":"https:\/\/www.ynox.pl\/index.php?rest_route=\/wp\/v2\/pages\/81"}],"collection":[{"href":"https:\/\/www.ynox.pl\/index.php?rest_route=\/wp\/v2\/pages"}],"about":[{"href":"https:\/\/www.ynox.pl\/index.php?rest_route=\/wp\/v2\/types\/page"}],"author":[{"embeddable":true,"href":"https:\/\/www.ynox.pl\/index.php?rest_route=\/wp\/v2\/users\/1"}],"replies":[{"embeddable":true,"href":"https:\/\/www.ynox.pl\/index.php?rest_route=%2Fwp%2Fv2%2Fcomments&post=81"}],"version-history":[{"count":5,"href":"https:\/\/www.ynox.pl\/index.php?rest_route=\/wp\/v2\/pages\/81\/revisions"}],"predecessor-version":[{"id":451,"href":"https:\/\/www.ynox.pl\/index.php?rest_route=\/wp\/v2\/pages\/81\/revisions\/451"}],"up":[{"embeddable":true,"href":"https:\/\/www.ynox.pl\/index.php?rest_route=\/wp\/v2\/pages\/8"}],"wp:attachment":[{"href":"https:\/\/www.ynox.pl\/index.php?rest_route=%2Fwp%2Fv2%2Fmedia&parent=81"}],"curies":[{"name":"wp","href":"https:\/\/api.w.org\/{rel}","templated":true}]}}