{"id":83,"date":"2014-10-26T15:00:33","date_gmt":"2014-10-26T14:00:33","guid":{"rendered":"http:\/\/www.ynox.pl\/?page_id=83"},"modified":"2015-02-07T20:03:06","modified_gmt":"2015-02-07T19:03:06","slug":"mieszkanie-studenta","status":"publish","type":"page","link":"https:\/\/www.ynox.pl\/?page_id=83","title":{"rendered":"MIESZKANIE WE W\u0141OCHACH"},"content":{"rendered":"<p style=\"text-align: justify;\">\n\tMieszkanie studenta. Powierzchnia 44 m2. Us\u0142uga dekoratorska.&lt;br&gt;<br \/>\n\tMieszkanie w Ursusie z widokiem na zadbany ogr&oacute;dek. Du\u017ce okno w salonie pi\u0119knie do\u015bwietla cz\u0119\u015b\u0107 dzienn\u0105. Elementem, kt&oacute;ry determinowa\u0142 ca\u0142\u0105 koncepcj\u0119 dekoratorsk\u0105 by\u0142a kuchnia &ndash; zostawiona przez poprzedniego w\u0142a\u015bciciela. Dobrano do niej wszystkie pozosta\u0142e elementy wyposa\u017cenia. M\u0142ody w\u0142a\u015bciciel oczekiwa\u0142, aby wn\u0119trze by\u0142o &bdquo;m\u0119skie&rdquo; i &bdquo;nie przes\u0142odzone&rdquo; ale jednocze\u015bnie przytulne. Ascetyczna sypialnia s\u0142u\u017cy wyciszeniu i pracy. Salon jest bardziej energetyczny. Ozdobna tapeta w k\u0105ciku jadalnianym oraz w przedpokoju dodaje uroku. Bordowo-czerwone dodatki \u0142\u0105cz\u0105 kolorystycznie kuchni\u0119 z pozosta\u0142\u0105 cz\u0119\u015bci\u0105 mieszkania.\n<\/p>\n<p>\n\t<a href=\"http:\/\/www.ynox.pl\/Mieszkanie%20Studenta\/\">GALERIA<\/a><\/p>\n","protected":false},"excerpt":{"rendered":"<p>Mieszkanie studenta. Powierzchnia 44 m2. Us\u0142uga dekoratorska.&lt;br&gt; Mieszkanie w Ursusie z widokiem na zadbany ogr&oacute;dek. Du\u017ce okno w salonie pi\u0119knie do\u015bwietla cz\u0119\u015b\u0107 dzienn\u0105. Elementem, kt&oacute;ry determinowa\u0142 ca\u0142\u0105 koncepcj\u0119 dekoratorsk\u0105 by\u0142a kuchnia &ndash; zostawiona przez poprzedniego w\u0142a\u015bciciela. Dobrano do niej wszystkie pozosta\u0142e elementy wyposa\u017cenia. M\u0142ody w\u0142a\u015bciciel oczekiwa\u0142, aby wn\u0119trze by\u0142o &bdquo;m\u0119skie&rdquo; i &bdquo;nie przes\u0142odzone&rdquo; ale jednocze\u015bnie&hellip;<\/p>\n","protected":false},"author":1,"featured_media":0,"parent":8,"menu_order":0,"comment_status":"closed","ping_status":"closed","template":"","meta":{"ngg_post_thumbnail":0},"_links":{"self":[{"href":"https:\/\/www.ynox.pl\/index.php?rest_route=\/wp\/v2\/pages\/83"}],"collection":[{"href":"https:\/\/www.ynox.pl\/index.php?rest_route=\/wp\/v2\/pages"}],"about":[{"href":"https:\/\/www.ynox.pl\/index.php?rest_route=\/wp\/v2\/types\/page"}],"author":[{"embeddable":true,"href":"https:\/\/www.ynox.pl\/index.php?rest_route=\/wp\/v2\/users\/1"}],"replies":[{"embeddable":true,"href":"https:\/\/www.ynox.pl\/index.php?rest_route=%2Fwp%2Fv2%2Fcomments&post=83"}],"version-history":[{"count":4,"href":"https:\/\/www.ynox.pl\/index.php?rest_route=\/wp\/v2\/pages\/83\/revisions"}],"predecessor-version":[{"id":452,"href":"https:\/\/www.ynox.pl\/index.php?rest_route=\/wp\/v2\/pages\/83\/revisions\/452"}],"up":[{"embeddable":true,"href":"https:\/\/www.ynox.pl\/index.php?rest_route=\/wp\/v2\/pages\/8"}],"wp:attachment":[{"href":"https:\/\/www.ynox.pl\/index.php?rest_route=%2Fwp%2Fv2%2Fmedia&parent=83"}],"curies":[{"name":"wp","href":"https:\/\/api.w.org\/{rel}","templated":true}]}}